{"id":10705,"date":"2024-03-13T14:33:27","date_gmt":"2024-03-13T13:33:27","guid":{"rendered":"https:\/\/www.chateau-guetsch.ch\/?page_id=10705"},"modified":"2026-04-02T14:53:37","modified_gmt":"2026-04-02T12:53:37","slug":"easter","status":"publish","type":"page","link":"https:\/\/www.chateau-guetsch.ch\/en\/easter\/","title":{"rendered":"Easter"},"content":{"rendered":"<p>[vc_row full_width=&#8221;stretch_row_content_no_spaces&#8221;][vc_column]<div id=\"home\" class=\"hero-slider hero-video__banner bg hero-slider--booking style4 hero-slider__small\" style=\"background-image:url(https:\/\/www.chateau-guetsch.ch\/wp-content\/uploads\/2025\/03\/Blumen.webp);\"><div class=\"hero-slider__items\"><div class=\"hero-slider__item\"><div id=\"bgndVideo\" class=\"player\" data-property=\"{videoURL:'',containment:'#home',autoPlay:true, showControls:true, showYTLogo: false, mute:true, startAt:0, opacity:1}\"><\/div><div class=\"hero-slider__wrap\"><div class=\"subtitle subtitle--slider\"><\/div><h2 class=\"title title--slider\">TIME FOR EASTER<\/h2><\/div><\/div><!--end of item--><\/div><div class=\"hero-additional hero-date-picker-style2\"><div class=\"container\">\n<section class=\"booking-section c-booking-search-form\">\n\t<div class=\"booking-main\">\n\t\t<div id=\"c10\" class=\"frame frame-default frame-type-html frame-layout-0\">\n\n\t\t\t\t<div id=\"booking-engine\" class=\"booking-engine\" data-locale=\"en\"><\/div>\n\t\t<\/div>\n\t\t<!--\n\t\t\t<div class=\"booking-best-price\" data-target=\"#bestPrice\" data-toggle=\"modal\">\n\t\t\t\t<span class=\"h2\">\n\t\t\t\t\tBest-Preis Garantie\n\t\t\t\t<\/span>\n\t\t\t<\/div>\n\t\t-->\n    <\/div>\n<\/section>\n<\/div><\/div><\/div><div  class=\"empty-space  marg-lg-b50 marg-xs-b25\"><\/div>[\/vc_column][\/vc_row][vc_row][vc_column width=&#8221;1\/6&#8243;][\/vc_column][vc_column width=&#8221;2\/3&#8243;]<div class=\"text-block \" ><div class=\"simple-text \"><h1>Easter at G\u00fctsch<\/h1>\n<p>Visit us over the Easter holidays at the Hotel Ch\u00e2teau G\u00fctsch. Take your time and enjoy culinary delights in the Restaurant Lumi\u00e8res and a cocktail in the American Bar.<\/p>\n<\/div><\/div><div  class=\"empty-space  marg-lg-b50 marg-xs-b25\"><\/div>[\/vc_column][vc_column width=&#8221;1\/6&#8243;][\/vc_column][\/vc_row][vc_row][vc_column]<div  class=\"hb-text-block__wrapper text-alignment--left  style1\"><div class=\"row\"><div class=\"col-md-6\"><div class=\"hb-image__block\"><img decoding=\"async\" src=\"https:\/\/www.chateau-guetsch.ch\/wp-content\/uploads\/2023\/05\/Chateau_Guetsch_Restaurant_Lumieres_interior.jpg\" alt=\"\" \/><\/div><\/div><div class=\"col-md-6\"><div class=\"hb-text_block_content\"><div class=\"hb-text-block___inner_wrapper\"><h2 class=\"featured-rooms-slider__title title-color-black\">Easter time at Restaurant Lumi\u00e8res<\/h2><div class=\"featured-rooms-slider__text content-color-grey\"><h4>Friday, April 3 to Monday, April 6, 2026<\/h4>\n<p>Enjoy exclusive Easter menus from Good Friday to Easter Sunday, lovingly created by our kitchen team under the direction of Christoph Bob. Look forward to the finest seasonal ingredients such as asparagus, rack of lamb, salmon trout, chard, red mullet, spring vegetables and scallops.<\/p>\n<p><a href=\"https:\/\/www.chateau-guetsch.ch\/wp-content\/uploads\/2021\/11\/Karfreitag-Abend-1-en.pdf\">Good Friday menu &#8211; PDF<\/a><br \/>\n<a href=\"https:\/\/www.chateau-guetsch.ch\/wp-content\/uploads\/2021\/11\/Ostermenue-2025-1-en.pdf\">Easter Saturday and Sunday menu &#8211; PDF<\/a><\/p>\n<p>Reservation recommended: Tables can be booked from 2 personsTables can be booked from 2 persons. The number of places is limited &#8211; make sure you book early!<\/p>\n<h4 style=\"font-weight: 400\"><strong>Our Easter program\u00a0<\/strong><\/h4>\n<p style=\"font-weight: 400\"><strong>Good Friday, April 3<br \/>\n<\/strong>&#8211; Time for Lunch \u2013 a special lunch offer<br \/>\n&#8211; Dinner Menu<\/p>\n<p style=\"font-weight: 400\"><strong>Easter Saturday, April 4<br \/>\n<\/strong>&#8211; Time for Lunch &#8211; a special lunch offer<br \/>\n&#8211; Dinner \u00e0 la carte<\/p>\n<p style=\"font-weight: 400\"><strong>Easter Sunday, April 5<br \/>\n<\/strong>&#8211; Time for Lunch- a special lunch offer<br \/>\n&#8211; Dinner Menu<\/p>\n<p style=\"font-weight: 400\"><strong>Easter Monday, April 6<br \/>\n<\/strong>&#8211; Time for Lunch &#8211; a special lunch offer<br \/>\n&#8211; \u00c0 la carte Dinner<\/p>\n<h3 style=\"text-align: center\">Reservationen<\/h3>\n<p style=\"text-align: center\">Reservieren Sie Ihren Tisch im Restaurant Lumi\u00e8res telefonisch unter <a class=\"289\" title=\"14\" href=\"tel:+41\" target=\"41\" rel=\"noopener\">+41 41 289 14 14<\/a>, per E-Mail an <a href=\"mailto:info@chateau-guetsch.ch\">info@chateau-guetsch.ch<\/a> oder <a href=\"https:\/\/module.lafourchette.com\/en_GB\/module\/691835-c72d2#\/4441209\/dhp\" target=\"_blank\" rel=\"noopener\">online<\/a>.<\/p>\n<\/div><\/div><\/div><\/div><\/div><\/div><div  class=\"empty-space  marg-lg-b50 marg-xs-b25\"><\/div><div  class=\"hb-text-block__wrapper text-alignment--left style2\"><div class=\"row\"><div class=\"col-md-6\"><div class=\"hb-text_block_content\"><div class=\"hb-text-block___inner_wrapper text-right\"><h2 class=\"featured-rooms-slider__title title-color-black\">Invitation to the Easter Egg Hunt at Ch\u00e2teau G\u00fctsch<\/h2><div class=\"featured-rooms-slider__text content-color-grey\"><div class=\"flex flex-col text-sm\">\n<article class=\"text-token-text-primary w-full focus:outline-none &#091;--shadow-height:45px&#093; has-data-writing-block:pointer-events-none has-data-writing-block:-mt-(--shadow-height) has-data-writing-block:pt-(--shadow-height) &#091;&amp;:has(&#091;data-writing-block&#093;)&gt;*&#093;:pointer-events-auto scroll-mt-&#091;calc(var(--header-height)+min(200px,max(70px,20svh)))&#093;\" dir=\"auto\" data-turn-id=\"request-WEB:1e07f98d-2132-4f38-a8d2-59724079b9fe-9\" data-testid=\"conversation-turn-20\" data-scroll-anchor=\"true\" data-turn=\"assistant\">\n<div class=\"text-base my-auto mx-auto pb-10 &#091;--thread-content-margin:var(--thread-content-margin-xs,calc(var(--spacing)*4))&#093; @w-sm\/main:&#091;--thread-content-margin:var(--thread-content-margin-sm,calc(var(--spacing)*6))&#093; @w-lg\/main:&#091;--thread-content-margin:var(--thread-content-margin-lg,calc(var(--spacing)*16))&#093; px-(--thread-content-margin)\">\n<div class=\"&#091;--thread-content-max-width:40rem&#093; @w-lg\/main:&#091;--thread-content-max-width:48rem&#093; mx-auto max-w-(--thread-content-max-width) flex-1 group\/turn-messages focus-visible:outline-hidden relative flex w-full min-w-0 flex-col agent-turn\">\n<div class=\"flex max-w-full flex-col gap-4 grow\">\n<div class=\"min-h-8 text-message relative flex w-full flex-col items-end gap-2 text-start break-words whitespace-normal &#091;.text-message+&amp;&#093;:mt-1\" dir=\"auto\" data-message-author-role=\"assistant\" data-message-id=\"6dd2599e-421b-432c-aee2-d631665f42d4\" data-message-model-slug=\"gpt-5-3\">\n<div class=\"flex w-full flex-col gap-1 empty:hidden\">\n<div class=\"markdown prose dark:prose-invert w-full wrap-break-word light markdown-new-styling\">\n<p data-start=\"0\" data-end=\"23\"><strong data-start=\"0\" data-end=\"80\">We will meet on Sunday at 11:00 AM in the lobby of our front desk of Ch\u00e2teau G\u00fctsch.<\/strong><\/p>\n<p data-start=\"0\" data-end=\"23\"><span style=\"color: #ffffff\">&#8211;<\/span><\/p>\n<p data-start=\"0\" data-end=\"23\">We warmly invite you and your family to celebrate the arrival of spring with us and take part in our Easter egg hunt.<\/p>\n<p data-start=\"0\" data-end=\"23\"><span style=\"color: #ffffff\">&#8211;<\/span><\/p>\n<p data-start=\"205\" data-end=\"412\">Around Ch\u00e2teau G\u00fctsch, small Easter surprises will be hidden, waiting to be discovered by explorers of all ages. Look forward to a cheerful experience with sweet treats and a wonderful view over Lucerne.<\/p>\n<p data-start=\"205\" data-end=\"412\"><span style=\"color: #ffffff\">&#8211;<\/span><\/p>\n<p data-start=\"414\" data-end=\"499\">Participation is also open to external guests \u2013 we would be delighted to welcome you.<\/p>\n<p data-start=\"501\" data-end=\"609\" data-is-last-node=\"\" data-is-only-node=\"\">Registration is recommended by email at <span style=\"color: #0000ff\"><a class=\"decorated-link cursor-pointer\" style=\"color: #0000ff\" rel=\"noopener\" data-start=\"547\" data-end=\"570\">info@chateau-guetsch.ch<\/a><\/span> or by phone at <span style=\"color: #0000ff\">+41 41 289 14 14<\/span><\/p>\n<\/div>\n<\/div>\n<\/div>\n<\/div>\n<\/div>\n<\/div>\n<\/article>\n<\/div>\n<\/div><\/div><\/div><\/div><div class=\"col-md-6\"><div class=\"hb-image__block\"><img decoding=\"async\" src=\"https:\/\/www.chateau-guetsch.ch\/wp-content\/uploads\/2021\/11\/Ostereiersuche.jpg\" alt=\"\" \/><\/div><\/div><\/div><\/div><div  class=\"empty-space  marg-lg-b50 marg-xs-b25\"><\/div><div class=\"text-block \" ><div class=\"simple-text \"><h3 style=\"text-align: center;\">Reservationen<\/h3>\n<p style=\"text-align: center;\">Reservieren Sie Ihren Tisch im Restaurant Lumi\u00e8res telefonisch unter <a class=\"289\" title=\"14\" href=\"tel:+41\" target=\"41\" rel=\"noopener\">+41 41 289 14 14<\/a>, per E-Mail an <a href=\"mailto:info@chateau-guetsch.ch\">info@chateau-guetsch.ch<\/a> oder <a href=\"https:\/\/module.lafourchette.com\/en_GB\/module\/691835-c72d2#\/4441209\/dhp\" target=\"_blank\" rel=\"noopener\">online<\/a>.<\/p>\n<\/div><\/div><div  class=\"empty-space  marg-lg-b50 marg-xs-b25\"><\/div>[\/vc_column][\/vc_row][vc_row full_width=&#8221;stretch_row_content_no_spaces&#8221;][vc_column]<div  class=\"empty-space  marg-lg-b50 marg-xs-b25\"><\/div><div  class=\"jumbotron jumbotron--lg\"  data-image=\"https:\/\/www.chateau-guetsch.ch\/wp-content\/uploads\/2024\/03\/Ostern_Eier.jpg\"><div class=\"row\"><div class=\"col-md-12 jumbotron-text__content\"><div class=\"spacing\" style=\"height: 30px\"><\/div><div class=\"subtitle subtitle--lg\"><\/div><div class=\"title title--lg\"><\/div><\/div><\/div><\/div>[\/vc_column][\/vc_row][vc_row][vc_column][\/vc_column][\/vc_row]<\/p>\n","protected":false},"excerpt":{"rendered":"<p>[vc_row full_width=&#8221;stretch_row_content_no_spaces&#8221;][vc_column][\/vc_column][\/vc_row][vc_row][vc_column width=&#8221;1\/6&#8243;][\/vc_column][vc_column width=&#8221;2\/3&#8243;][\/vc_column][vc_column width=&#8221;1\/6&#8243;][\/vc_column][\/vc_row][vc_row][vc_column][\/vc_column][\/vc_row][vc_row full_width=&#8221;stretch_row_content_no_spaces&#8221;][vc_column][\/vc_column][\/vc_row][vc_row][vc_column][\/vc_column][\/vc_row]<\/p>\n","protected":false},"author":5,"featured_media":0,"parent":0,"menu_order":0,"comment_status":"closed","ping_status":"closed","template":"","meta":{"_acf_changed":false,"footnotes":""},"class_list":["post-10705","page","type-page","status-publish","hentry"],"acf":[],"yoast_head":"<!-- This site is optimized with the Yoast SEO plugin v24.1 - https:\/\/yoast.com\/wordpress\/plugins\/seo\/ -->\n<title>Easter - Chateau G\u00fctsch<\/title>\n<meta name=\"robots\" content=\"index, follow, max-snippet:-1, max-image-preview:large, max-video-preview:-1\" \/>\n<link rel=\"canonical\" href=\"https:\/\/www.chateau-guetsch.ch\/en\/easter\/\" \/>\n<meta property=\"og:locale\" content=\"en_US\" \/>\n<meta property=\"og:type\" content=\"article\" \/>\n<meta property=\"og:title\" content=\"Easter - Chateau G\u00fctsch\" \/>\n<meta property=\"og:description\" content=\"[vc_row full_width=&#8221;stretch_row_content_no_spaces&#8221;][vc_column][\/vc_column][\/vc_row][vc_row][vc_column width=&#8221;1\/6&#8243;][\/vc_column][vc_column width=&#8221;2\/3&#8243;][\/vc_column][vc_column width=&#8221;1\/6&#8243;][\/vc_column][\/vc_row][vc_row][vc_column][\/vc_column][\/vc_row][vc_row full_width=&#8221;stretch_row_content_no_spaces&#8221;][vc_column][\/vc_column][\/vc_row][vc_row][vc_column][\/vc_column][\/vc_row]\" \/>\n<meta property=\"og:url\" content=\"https:\/\/www.chateau-guetsch.ch\/en\/easter\/\" \/>\n<meta property=\"og:site_name\" content=\"Chateau G\u00fctsch\" \/>\n<meta property=\"article:publisher\" content=\"https:\/\/www.facebook.com\/Chateau.Gutsch\" \/>\n<meta property=\"article:modified_time\" content=\"2026-04-02T12:53:37+00:00\" \/>\n<meta name=\"twitter:card\" content=\"summary_large_image\" \/>\n<meta name=\"twitter:label1\" content=\"Est. reading time\" \/>\n\t<meta name=\"twitter:data1\" content=\"3 minutes\" \/>\n<script type=\"application\/ld+json\" class=\"yoast-schema-graph\">{\"@context\":\"https:\/\/schema.org\",\"@graph\":[{\"@type\":\"WebPage\",\"@id\":\"https:\/\/www.chateau-guetsch.ch\/en\/easter\/\",\"url\":\"https:\/\/www.chateau-guetsch.ch\/en\/easter\/\",\"name\":\"Easter - Chateau G\u00fctsch\",\"isPartOf\":{\"@id\":\"https:\/\/www.chateau-guetsch.ch\/#website\"},\"datePublished\":\"2024-03-13T13:33:27+00:00\",\"dateModified\":\"2026-04-02T12:53:37+00:00\",\"breadcrumb\":{\"@id\":\"https:\/\/www.chateau-guetsch.ch\/en\/easter\/#breadcrumb\"},\"inLanguage\":\"en-US\",\"potentialAction\":[{\"@type\":\"ReadAction\",\"target\":[\"https:\/\/www.chateau-guetsch.ch\/en\/easter\/\"]}]},{\"@type\":\"BreadcrumbList\",\"@id\":\"https:\/\/www.chateau-guetsch.ch\/en\/easter\/#breadcrumb\",\"itemListElement\":[{\"@type\":\"ListItem\",\"position\":1,\"name\":\"Home\",\"item\":\"https:\/\/www.chateau-guetsch.ch\/en\/\"},{\"@type\":\"ListItem\",\"position\":2,\"name\":\"Easter\"}]},{\"@type\":\"WebSite\",\"@id\":\"https:\/\/www.chateau-guetsch.ch\/#website\",\"url\":\"https:\/\/www.chateau-guetsch.ch\/\",\"name\":\"Hotel Chateau G\u00fctsch\",\"description\":\"\",\"publisher\":{\"@id\":\"https:\/\/www.chateau-guetsch.ch\/#organization\"},\"potentialAction\":[{\"@type\":\"SearchAction\",\"target\":{\"@type\":\"EntryPoint\",\"urlTemplate\":\"https:\/\/www.chateau-guetsch.ch\/?s={search_term_string}\"},\"query-input\":{\"@type\":\"PropertyValueSpecification\",\"valueRequired\":true,\"valueName\":\"search_term_string\"}}],\"inLanguage\":\"en-US\"},{\"@type\":\"Organization\",\"@id\":\"https:\/\/www.chateau-guetsch.ch\/#organization\",\"name\":\"Chateau G\u00fctsch\",\"url\":\"https:\/\/www.chateau-guetsch.ch\/\",\"logo\":{\"@type\":\"ImageObject\",\"inLanguage\":\"en-US\",\"@id\":\"https:\/\/www.chateau-guetsch.ch\/#\/schema\/logo\/image\/\",\"url\":\"https:\/\/www.chateau-guetsch.ch\/wp-content\/uploads\/2021\/11\/Logo.png\",\"contentUrl\":\"https:\/\/www.chateau-guetsch.ch\/wp-content\/uploads\/2021\/11\/Logo.png\",\"width\":425,\"height\":207,\"caption\":\"Chateau G\u00fctsch\"},\"image\":{\"@id\":\"https:\/\/www.chateau-guetsch.ch\/#\/schema\/logo\/image\/\"},\"sameAs\":[\"https:\/\/www.facebook.com\/Chateau.Gutsch\",\"https:\/\/www.instagram.com\/chateau_gutsch\/\"]}]}<\/script>\n<!-- \/ Yoast SEO plugin. -->","yoast_head_json":{"title":"Easter - Chateau G\u00fctsch","robots":{"index":"index","follow":"follow","max-snippet":"max-snippet:-1","max-image-preview":"max-image-preview:large","max-video-preview":"max-video-preview:-1"},"canonical":"https:\/\/www.chateau-guetsch.ch\/en\/easter\/","og_locale":"en_US","og_type":"article","og_title":"Easter - Chateau G\u00fctsch","og_description":"[vc_row full_width=&#8221;stretch_row_content_no_spaces&#8221;][vc_column][\/vc_column][\/vc_row][vc_row][vc_column width=&#8221;1\/6&#8243;][\/vc_column][vc_column width=&#8221;2\/3&#8243;][\/vc_column][vc_column width=&#8221;1\/6&#8243;][\/vc_column][\/vc_row][vc_row][vc_column][\/vc_column][\/vc_row][vc_row full_width=&#8221;stretch_row_content_no_spaces&#8221;][vc_column][\/vc_column][\/vc_row][vc_row][vc_column][\/vc_column][\/vc_row]","og_url":"https:\/\/www.chateau-guetsch.ch\/en\/easter\/","og_site_name":"Chateau G\u00fctsch","article_publisher":"https:\/\/www.facebook.com\/Chateau.Gutsch","article_modified_time":"2026-04-02T12:53:37+00:00","twitter_card":"summary_large_image","twitter_misc":{"Est. reading time":"3 minutes"},"schema":{"@context":"https:\/\/schema.org","@graph":[{"@type":"WebPage","@id":"https:\/\/www.chateau-guetsch.ch\/en\/easter\/","url":"https:\/\/www.chateau-guetsch.ch\/en\/easter\/","name":"Easter - Chateau G\u00fctsch","isPartOf":{"@id":"https:\/\/www.chateau-guetsch.ch\/#website"},"datePublished":"2024-03-13T13:33:27+00:00","dateModified":"2026-04-02T12:53:37+00:00","breadcrumb":{"@id":"https:\/\/www.chateau-guetsch.ch\/en\/easter\/#breadcrumb"},"inLanguage":"en-US","potentialAction":[{"@type":"ReadAction","target":["https:\/\/www.chateau-guetsch.ch\/en\/easter\/"]}]},{"@type":"BreadcrumbList","@id":"https:\/\/www.chateau-guetsch.ch\/en\/easter\/#breadcrumb","itemListElement":[{"@type":"ListItem","position":1,"name":"Home","item":"https:\/\/www.chateau-guetsch.ch\/en\/"},{"@type":"ListItem","position":2,"name":"Easter"}]},{"@type":"WebSite","@id":"https:\/\/www.chateau-guetsch.ch\/#website","url":"https:\/\/www.chateau-guetsch.ch\/","name":"Hotel Chateau G\u00fctsch","description":"","publisher":{"@id":"https:\/\/www.chateau-guetsch.ch\/#organization"},"potentialAction":[{"@type":"SearchAction","target":{"@type":"EntryPoint","urlTemplate":"https:\/\/www.chateau-guetsch.ch\/?s={search_term_string}"},"query-input":{"@type":"PropertyValueSpecification","valueRequired":true,"valueName":"search_term_string"}}],"inLanguage":"en-US"},{"@type":"Organization","@id":"https:\/\/www.chateau-guetsch.ch\/#organization","name":"Chateau G\u00fctsch","url":"https:\/\/www.chateau-guetsch.ch\/","logo":{"@type":"ImageObject","inLanguage":"en-US","@id":"https:\/\/www.chateau-guetsch.ch\/#\/schema\/logo\/image\/","url":"https:\/\/www.chateau-guetsch.ch\/wp-content\/uploads\/2021\/11\/Logo.png","contentUrl":"https:\/\/www.chateau-guetsch.ch\/wp-content\/uploads\/2021\/11\/Logo.png","width":425,"height":207,"caption":"Chateau G\u00fctsch"},"image":{"@id":"https:\/\/www.chateau-guetsch.ch\/#\/schema\/logo\/image\/"},"sameAs":["https:\/\/www.facebook.com\/Chateau.Gutsch","https:\/\/www.instagram.com\/chateau_gutsch\/"]}]}},"_links":{"self":[{"href":"https:\/\/www.chateau-guetsch.ch\/en\/wp-json\/wp\/v2\/pages\/10705","targetHints":{"allow":["GET"]}}],"collection":[{"href":"https:\/\/www.chateau-guetsch.ch\/en\/wp-json\/wp\/v2\/pages"}],"about":[{"href":"https:\/\/www.chateau-guetsch.ch\/en\/wp-json\/wp\/v2\/types\/page"}],"author":[{"embeddable":true,"href":"https:\/\/www.chateau-guetsch.ch\/en\/wp-json\/wp\/v2\/users\/5"}],"replies":[{"embeddable":true,"href":"https:\/\/www.chateau-guetsch.ch\/en\/wp-json\/wp\/v2\/comments?post=10705"}],"version-history":[{"count":6,"href":"https:\/\/www.chateau-guetsch.ch\/en\/wp-json\/wp\/v2\/pages\/10705\/revisions"}],"predecessor-version":[{"id":15158,"href":"https:\/\/www.chateau-guetsch.ch\/en\/wp-json\/wp\/v2\/pages\/10705\/revisions\/15158"}],"wp:attachment":[{"href":"https:\/\/www.chateau-guetsch.ch\/en\/wp-json\/wp\/v2\/media?parent=10705"}],"curies":[{"name":"wp","href":"https:\/\/api.w.org\/{rel}","templated":true}]}}