{"id":14332,"date":"2025-11-07T11:50:26","date_gmt":"2025-11-07T10:50:26","guid":{"rendered":"https:\/\/www.chateau-guetsch.ch\/?page_id=14332"},"modified":"2025-11-07T11:55:11","modified_gmt":"2025-11-07T10:55:11","slug":"winter-tango-ball-en","status":"publish","type":"page","link":"https:\/\/www.chateau-guetsch.ch\/en\/winter-tango-ball-en\/","title":{"rendered":"Winter Tango Ball"},"content":{"rendered":"<p>[vc_row full_width=&#8221;stretch_row_content_no_spaces&#8221;][vc_column]<div id=\"home\" class=\"hero-slider hero-video__banner bg hero-slider--booking style4 hero-slider__small\" style=\"background-image:url(https:\/\/www.chateau-guetsch.ch\/wp-content\/uploads\/2024\/11\/Tango-teaser.jpg);\"><div class=\"hero-slider__items\"><div class=\"hero-slider__item\"><div id=\"bgndVideo\" class=\"player\" data-property=\"{videoURL:'',containment:'#home',autoPlay:true, showControls:true, showYTLogo: false, mute:true, startAt:0, opacity:1}\"><\/div><div class=\"hero-slider__wrap\"><div class=\"subtitle subtitle--slider\"><\/div><h2 class=\"title title--slider\">TIME TO DANCE<\/h2><\/div><\/div><!--end of item--><\/div><div class=\"hero-additional hero-date-picker-style2\"><div class=\"container\">\n<section class=\"booking-section c-booking-search-form\">\n\t<div class=\"booking-main\">\n\t\t<div id=\"c10\" class=\"frame frame-default frame-type-html frame-layout-0\">\n\n\t\t\t\t<div id=\"booking-engine\" class=\"booking-engine\" data-locale=\"en\"><\/div>\n\t\t<\/div>\n\t\t<!--\n\t\t\t<div class=\"booking-best-price\" data-target=\"#bestPrice\" data-toggle=\"modal\">\n\t\t\t\t<span class=\"h2\">\n\t\t\t\t\tBest-Preis Garantie\n\t\t\t\t<\/span>\n\t\t\t<\/div>\n\t\t-->\n    <\/div>\n<\/section>\n<\/div><\/div><\/div><div  class=\"empty-space  marg-lg-b50 marg-xs-b25\"><\/div>[\/vc_column][\/vc_row][vc_row][vc_column width=&#8221;1\/6&#8243;][\/vc_column][vc_column width=&#8221;2\/3&#8243;]<div class=\"text-block \" ><div class=\"simple-text \"><h1>Winter Tango Ball<\/h1>\n<p data-pm-slice=\"1 1 []\">Experience a wonderful Tango Sal\u00f3n at the enchanting Ch\u00e2teau G\u00fctsch in Lucerne.<\/p>\n<\/div><\/div><div  class=\"empty-space  marg-lg-b50 marg-xs-b25\"><\/div>[\/vc_column][vc_column width=&#8221;1\/6&#8243;][\/vc_column][\/vc_row][vc_row][vc_column]<div  class=\"hb-text-block__wrapper text-alignment--left  style1\"><div class=\"row\"><div class=\"col-md-6\"><div class=\"hb-image__block\"><img decoding=\"async\" src=\"https:\/\/www.chateau-guetsch.ch\/wp-content\/uploads\/2025\/11\/Flyer.jpg\" alt=\"\" \/><\/div><\/div><div class=\"col-md-6\"><div class=\"hb-text_block_content\"><div class=\"hb-text-block___inner_wrapper\"><h2 class=\"featured-rooms-slider__title title-color-black\">WHAT AWAITS YOU<\/h2><div class=\"featured-rooms-slider__text content-color-grey\"><p data-pm-slice=\"1 1 &#091;&#093;\">Saturday, January 3, 2025<\/p>\n<p>8:00 PM \u2013 1:00 AM<\/p>\n<p>Admission: CHF 25.00<\/p>\n<p class=\"p1\" style=\"margin: 0cm\"><strong><span class=\"s1\">5th Anniversary Edition<\/span><\/strong><\/p>\n<p class=\"p1\" style=\"margin: 0cm\"><span class=\"s1\">With iconic tango couple Geraldine Rojas &amp; Ezequiel Paludi (Buenos Aires \/ Amsterdam) and DJ Francesco \u201eEl Actor\u201c (Switzerland).<\/span><\/p>\n<p class=\"p1\" style=\"margin: 0cm\"><span class=\"s1\"><br \/>\nGeraldine Rojas and Ezequiel Paludi are world-renowned Argentine tango artists known for their powerful stage presence and deep emotional expression. Their unique style has captivated audiences across the globe.<\/span><\/p>\n<p class=\"p1\" style=\"margin: 0cm\"><span class=\"s1\">DJ Francesco \u201eEl Actor\u201c, is loved for his well-matched tandas with a clear Buenos Aires feel, inspiring dancers and making him a favorite at milongas.<\/span><\/p>\n<\/div><\/div><\/div><\/div><\/div><\/div><div  class=\"empty-space  marg-lg-b50 marg-xs-b25\"><\/div>[\/vc_column][\/vc_row][vc_row][vc_column width=&#8221;1\/6&#8243;]<div  class=\"empty-space  marg-lg-b50 marg-xs-b25\"><\/div>[\/vc_column][vc_column width=&#8221;2\/3&#8243;]<div class=\"text-block \" ><div class=\"simple-text \"><h3>Reservations<\/h3>\n<p>Contact us on WhatsApp at <a href=\"tel:\/\/+41794065091\/\/\">079 406 50 91<\/a><\/p>\n<p>Insta: tango_paradise<\/p>\n<\/div><\/div><div  class=\"empty-space  marg-lg-b50 marg-xs-b25\"><\/div>[\/vc_column][vc_column width=&#8221;1\/6&#8243;][\/vc_column][\/vc_row][vc_row full_width=&#8221;stretch_row_content_no_spaces&#8221;][vc_column]<div  class=\"empty-space  marg-lg-b50 marg-xs-b25\"><\/div><div  class=\"jumbotron jumbotron--lg\"  data-image=\"https:\/\/www.chateau-guetsch.ch\/wp-content\/uploads\/2024\/11\/Tango-teaser.jpg\"><div class=\"row\"><div class=\"col-md-12 jumbotron-text__content\"><div class=\"spacing\" style=\"height: 30px\"><\/div><div class=\"subtitle subtitle--lg\"><\/div><div class=\"title title--lg\"><\/div><\/div><\/div><\/div>[\/vc_column][\/vc_row][vc_row][vc_column][\/vc_column][\/vc_row]<\/p>\n","protected":false},"excerpt":{"rendered":"<p>[vc_row full_width=&#8221;stretch_row_content_no_spaces&#8221;][vc_column][\/vc_column][\/vc_row][vc_row][vc_column width=&#8221;1\/6&#8243;][\/vc_column][vc_column width=&#8221;2\/3&#8243;][\/vc_column][vc_column width=&#8221;1\/6&#8243;][\/vc_column][\/vc_row][vc_row][vc_column][\/vc_column][\/vc_row][vc_row][vc_column width=&#8221;1\/6&#8243;][\/vc_column][vc_column width=&#8221;2\/3&#8243;][\/vc_column][vc_column width=&#8221;1\/6&#8243;][\/vc_column][\/vc_row][vc_row full_width=&#8221;stretch_row_content_no_spaces&#8221;][vc_column][\/vc_column][\/vc_row][vc_row][vc_column][\/vc_column][\/vc_row]<\/p>\n","protected":false},"author":5,"featured_media":0,"parent":0,"menu_order":0,"comment_status":"closed","ping_status":"closed","template":"","meta":{"_acf_changed":false,"footnotes":""},"class_list":["post-14332","page","type-page","status-publish","hentry"],"acf":[],"yoast_head":"<!-- This site is optimized with the Yoast SEO plugin v24.1 - https:\/\/yoast.com\/wordpress\/plugins\/seo\/ -->\n<title>Winter Tango Ball - Chateau G\u00fctsch<\/title>\n<meta name=\"robots\" content=\"index, follow, max-snippet:-1, max-image-preview:large, max-video-preview:-1\" \/>\n<link rel=\"canonical\" href=\"https:\/\/www.chateau-guetsch.ch\/en\/winter-tango-ball-en\/\" \/>\n<meta property=\"og:locale\" content=\"en_US\" \/>\n<meta property=\"og:type\" content=\"article\" \/>\n<meta property=\"og:title\" content=\"Winter Tango Ball - Chateau G\u00fctsch\" \/>\n<meta property=\"og:description\" content=\"[vc_row full_width=&#8221;stretch_row_content_no_spaces&#8221;][vc_column][\/vc_column][\/vc_row][vc_row][vc_column width=&#8221;1\/6&#8243;][\/vc_column][vc_column width=&#8221;2\/3&#8243;][\/vc_column][vc_column width=&#8221;1\/6&#8243;][\/vc_column][\/vc_row][vc_row][vc_column][\/vc_column][\/vc_row][vc_row][vc_column width=&#8221;1\/6&#8243;][\/vc_column][vc_column width=&#8221;2\/3&#8243;][\/vc_column][vc_column width=&#8221;1\/6&#8243;][\/vc_column][\/vc_row][vc_row full_width=&#8221;stretch_row_content_no_spaces&#8221;][vc_column][\/vc_column][\/vc_row][vc_row][vc_column][\/vc_column][\/vc_row]\" \/>\n<meta property=\"og:url\" content=\"https:\/\/www.chateau-guetsch.ch\/en\/winter-tango-ball-en\/\" \/>\n<meta property=\"og:site_name\" content=\"Chateau G\u00fctsch\" \/>\n<meta property=\"article:publisher\" content=\"https:\/\/www.facebook.com\/Chateau.Gutsch\" \/>\n<meta property=\"article:modified_time\" content=\"2025-11-07T10:55:11+00:00\" \/>\n<meta name=\"twitter:card\" content=\"summary_large_image\" \/>\n<meta name=\"twitter:label1\" content=\"Est. reading time\" \/>\n\t<meta name=\"twitter:data1\" content=\"2 minutes\" \/>\n<script type=\"application\/ld+json\" class=\"yoast-schema-graph\">{\"@context\":\"https:\/\/schema.org\",\"@graph\":[{\"@type\":\"WebPage\",\"@id\":\"https:\/\/www.chateau-guetsch.ch\/en\/winter-tango-ball-en\/\",\"url\":\"https:\/\/www.chateau-guetsch.ch\/en\/winter-tango-ball-en\/\",\"name\":\"Winter Tango Ball - Chateau G\u00fctsch\",\"isPartOf\":{\"@id\":\"https:\/\/www.chateau-guetsch.ch\/#website\"},\"datePublished\":\"2025-11-07T10:50:26+00:00\",\"dateModified\":\"2025-11-07T10:55:11+00:00\",\"breadcrumb\":{\"@id\":\"https:\/\/www.chateau-guetsch.ch\/en\/winter-tango-ball-en\/#breadcrumb\"},\"inLanguage\":\"en-US\",\"potentialAction\":[{\"@type\":\"ReadAction\",\"target\":[\"https:\/\/www.chateau-guetsch.ch\/en\/winter-tango-ball-en\/\"]}]},{\"@type\":\"BreadcrumbList\",\"@id\":\"https:\/\/www.chateau-guetsch.ch\/en\/winter-tango-ball-en\/#breadcrumb\",\"itemListElement\":[{\"@type\":\"ListItem\",\"position\":1,\"name\":\"Home\",\"item\":\"https:\/\/www.chateau-guetsch.ch\/en\/\"},{\"@type\":\"ListItem\",\"position\":2,\"name\":\"Winter Tango Ball\"}]},{\"@type\":\"WebSite\",\"@id\":\"https:\/\/www.chateau-guetsch.ch\/#website\",\"url\":\"https:\/\/www.chateau-guetsch.ch\/\",\"name\":\"Hotel Chateau G\u00fctsch\",\"description\":\"\",\"publisher\":{\"@id\":\"https:\/\/www.chateau-guetsch.ch\/#organization\"},\"potentialAction\":[{\"@type\":\"SearchAction\",\"target\":{\"@type\":\"EntryPoint\",\"urlTemplate\":\"https:\/\/www.chateau-guetsch.ch\/?s={search_term_string}\"},\"query-input\":{\"@type\":\"PropertyValueSpecification\",\"valueRequired\":true,\"valueName\":\"search_term_string\"}}],\"inLanguage\":\"en-US\"},{\"@type\":\"Organization\",\"@id\":\"https:\/\/www.chateau-guetsch.ch\/#organization\",\"name\":\"Chateau G\u00fctsch\",\"url\":\"https:\/\/www.chateau-guetsch.ch\/\",\"logo\":{\"@type\":\"ImageObject\",\"inLanguage\":\"en-US\",\"@id\":\"https:\/\/www.chateau-guetsch.ch\/#\/schema\/logo\/image\/\",\"url\":\"https:\/\/www.chateau-guetsch.ch\/wp-content\/uploads\/2021\/11\/Logo.png\",\"contentUrl\":\"https:\/\/www.chateau-guetsch.ch\/wp-content\/uploads\/2021\/11\/Logo.png\",\"width\":425,\"height\":207,\"caption\":\"Chateau G\u00fctsch\"},\"image\":{\"@id\":\"https:\/\/www.chateau-guetsch.ch\/#\/schema\/logo\/image\/\"},\"sameAs\":[\"https:\/\/www.facebook.com\/Chateau.Gutsch\",\"https:\/\/www.instagram.com\/chateau_gutsch\/\"]}]}<\/script>\n<!-- \/ Yoast SEO plugin. -->","yoast_head_json":{"title":"Winter Tango Ball - Chateau G\u00fctsch","robots":{"index":"index","follow":"follow","max-snippet":"max-snippet:-1","max-image-preview":"max-image-preview:large","max-video-preview":"max-video-preview:-1"},"canonical":"https:\/\/www.chateau-guetsch.ch\/en\/winter-tango-ball-en\/","og_locale":"en_US","og_type":"article","og_title":"Winter Tango Ball - Chateau G\u00fctsch","og_description":"[vc_row full_width=&#8221;stretch_row_content_no_spaces&#8221;][vc_column][\/vc_column][\/vc_row][vc_row][vc_column width=&#8221;1\/6&#8243;][\/vc_column][vc_column width=&#8221;2\/3&#8243;][\/vc_column][vc_column width=&#8221;1\/6&#8243;][\/vc_column][\/vc_row][vc_row][vc_column][\/vc_column][\/vc_row][vc_row][vc_column width=&#8221;1\/6&#8243;][\/vc_column][vc_column width=&#8221;2\/3&#8243;][\/vc_column][vc_column width=&#8221;1\/6&#8243;][\/vc_column][\/vc_row][vc_row full_width=&#8221;stretch_row_content_no_spaces&#8221;][vc_column][\/vc_column][\/vc_row][vc_row][vc_column][\/vc_column][\/vc_row]","og_url":"https:\/\/www.chateau-guetsch.ch\/en\/winter-tango-ball-en\/","og_site_name":"Chateau G\u00fctsch","article_publisher":"https:\/\/www.facebook.com\/Chateau.Gutsch","article_modified_time":"2025-11-07T10:55:11+00:00","twitter_card":"summary_large_image","twitter_misc":{"Est. reading time":"2 minutes"},"schema":{"@context":"https:\/\/schema.org","@graph":[{"@type":"WebPage","@id":"https:\/\/www.chateau-guetsch.ch\/en\/winter-tango-ball-en\/","url":"https:\/\/www.chateau-guetsch.ch\/en\/winter-tango-ball-en\/","name":"Winter Tango Ball - Chateau G\u00fctsch","isPartOf":{"@id":"https:\/\/www.chateau-guetsch.ch\/#website"},"datePublished":"2025-11-07T10:50:26+00:00","dateModified":"2025-11-07T10:55:11+00:00","breadcrumb":{"@id":"https:\/\/www.chateau-guetsch.ch\/en\/winter-tango-ball-en\/#breadcrumb"},"inLanguage":"en-US","potentialAction":[{"@type":"ReadAction","target":["https:\/\/www.chateau-guetsch.ch\/en\/winter-tango-ball-en\/"]}]},{"@type":"BreadcrumbList","@id":"https:\/\/www.chateau-guetsch.ch\/en\/winter-tango-ball-en\/#breadcrumb","itemListElement":[{"@type":"ListItem","position":1,"name":"Home","item":"https:\/\/www.chateau-guetsch.ch\/en\/"},{"@type":"ListItem","position":2,"name":"Winter Tango Ball"}]},{"@type":"WebSite","@id":"https:\/\/www.chateau-guetsch.ch\/#website","url":"https:\/\/www.chateau-guetsch.ch\/","name":"Hotel Chateau G\u00fctsch","description":"","publisher":{"@id":"https:\/\/www.chateau-guetsch.ch\/#organization"},"potentialAction":[{"@type":"SearchAction","target":{"@type":"EntryPoint","urlTemplate":"https:\/\/www.chateau-guetsch.ch\/?s={search_term_string}"},"query-input":{"@type":"PropertyValueSpecification","valueRequired":true,"valueName":"search_term_string"}}],"inLanguage":"en-US"},{"@type":"Organization","@id":"https:\/\/www.chateau-guetsch.ch\/#organization","name":"Chateau G\u00fctsch","url":"https:\/\/www.chateau-guetsch.ch\/","logo":{"@type":"ImageObject","inLanguage":"en-US","@id":"https:\/\/www.chateau-guetsch.ch\/#\/schema\/logo\/image\/","url":"https:\/\/www.chateau-guetsch.ch\/wp-content\/uploads\/2021\/11\/Logo.png","contentUrl":"https:\/\/www.chateau-guetsch.ch\/wp-content\/uploads\/2021\/11\/Logo.png","width":425,"height":207,"caption":"Chateau G\u00fctsch"},"image":{"@id":"https:\/\/www.chateau-guetsch.ch\/#\/schema\/logo\/image\/"},"sameAs":["https:\/\/www.facebook.com\/Chateau.Gutsch","https:\/\/www.instagram.com\/chateau_gutsch\/"]}]}},"_links":{"self":[{"href":"https:\/\/www.chateau-guetsch.ch\/en\/wp-json\/wp\/v2\/pages\/14332","targetHints":{"allow":["GET"]}}],"collection":[{"href":"https:\/\/www.chateau-guetsch.ch\/en\/wp-json\/wp\/v2\/pages"}],"about":[{"href":"https:\/\/www.chateau-guetsch.ch\/en\/wp-json\/wp\/v2\/types\/page"}],"author":[{"embeddable":true,"href":"https:\/\/www.chateau-guetsch.ch\/en\/wp-json\/wp\/v2\/users\/5"}],"replies":[{"embeddable":true,"href":"https:\/\/www.chateau-guetsch.ch\/en\/wp-json\/wp\/v2\/comments?post=14332"}],"version-history":[{"count":3,"href":"https:\/\/www.chateau-guetsch.ch\/en\/wp-json\/wp\/v2\/pages\/14332\/revisions"}],"predecessor-version":[{"id":14336,"href":"https:\/\/www.chateau-guetsch.ch\/en\/wp-json\/wp\/v2\/pages\/14332\/revisions\/14336"}],"wp:attachment":[{"href":"https:\/\/www.chateau-guetsch.ch\/en\/wp-json\/wp\/v2\/media?parent=14332"}],"curies":[{"name":"wp","href":"https:\/\/api.w.org\/{rel}","templated":true}]}}