{"id":1832,"date":"2021-11-05T13:44:23","date_gmt":"2021-11-05T12:44:23","guid":{"rendered":"https:\/\/www.chateau-guetsch.ch\/?page_id=1832"},"modified":"2025-03-06T02:27:45","modified_gmt":"2025-03-06T01:27:45","slug":"explore","status":"publish","type":"page","link":"https:\/\/www.chateau-guetsch.ch\/en\/explore\/","title":{"rendered":"Explore"},"content":{"rendered":"<p>[vc_row full_width=&#8221;stretch_row_content_no_spaces&#8221;][vc_column]<div id=\"home\" class=\"hero-slider hero-video__banner bg hero-slider--booking style4 hero-slider__small\" style=\"background-image:url(https:\/\/www.chateau-guetsch.ch\/wp-content\/uploads\/2025\/03\/CG_2201_TJ_Reception_030_lores.jpg);\"><div class=\"hero-slider__items\"><div class=\"hero-slider__item\"><div id=\"bgndVideo\" class=\"player\" data-property=\"{videoURL:'',containment:'#home',autoPlay:true, showControls:true, showYTLogo: false, mute:true, startAt:0, opacity:1}\"><\/div><div class=\"hero-slider__wrap\"><div class=\"subtitle subtitle--slider\"><\/div><h2 class=\"title title--slider\">DISCOVER NEW PLACES<\/h2><\/div><\/div><!--end of item--><\/div><div class=\"hero-additional hero-date-picker-style2\"><div class=\"container\">\n<section class=\"booking-section c-booking-search-form\">\n\t<div class=\"booking-main\">\n\t\t<div id=\"c10\" class=\"frame frame-default frame-type-html frame-layout-0\">\n\n\t\t\t\t<div id=\"booking-engine\" class=\"booking-engine\" data-locale=\"en\"><\/div>\n\t\t<\/div>\n\t\t<!--\n\t\t\t<div class=\"booking-best-price\" data-target=\"#bestPrice\" data-toggle=\"modal\">\n\t\t\t\t<span class=\"h2\">\n\t\t\t\t\tBest-Preis Garantie\n\t\t\t\t<\/span>\n\t\t\t<\/div>\n\t\t-->\n    <\/div>\n<\/section>\n<\/div><\/div><\/div><div  class=\"empty-space  marg-lg-b50 marg-xs-b25\"><\/div>[\/vc_column][\/vc_row][vc_row][vc_column width=&#8221;1\/6&#8243;][\/vc_column][vc_column width=&#8221;2\/3&#8243;]<div class=\"text-block \" ><div class=\"simple-text \"><h1 style=\"text-align: left;\">DISCOVER the Hotel Ch\u00e2teau G\u00fctsch and LUCERNE \u2013 EXPERIENCES FOR ALL TASTES<\/h1>\n<div style=\"text-align: left;\">\n<p class=\"lead\">Whether cultural city highlights, shopping or excursions into nature: thanks to its central location in Lucerne, the Hotel Ch\u00e2teau G\u00fctsch offers both urban attractions and day trips to the most beautiful spots in Switzerland.<\/p>\n<\/div>\n<\/div><\/div>[\/vc_column][vc_column width=&#8221;1\/6&#8243;][\/vc_column][\/vc_row][vc_row][vc_column]<div  class=\"empty-space  marg-lg-b50 marg-xs-b25\"><\/div><div  class=\"hb-text-block__wrapper text-alignment--  style1\"><div class=\"row\"><div class=\"col-md-6\"><div class=\"hb-image__block\"><img decoding=\"async\" src=\"https:\/\/www.chateau-guetsch.ch\/wp-content\/uploads\/2025\/03\/Entdecken_01_Reception.jpg\" alt=\"\" \/><\/div><\/div><div class=\"col-md-6\"><div class=\"hb-text_block_content\"><div class=\"hb-text-block___inner_wrapper\"><h2 class=\"featured-rooms-slider__title title-color-black\">OUR SPECIAL OFFER<\/h2><div class=\"featured-rooms-slider__text content-color-grey\"><p>You can choose between various special packages to make your stay at the G\u00fctsch even more enjoyable.<\/p>\n<\/div><a class=\"btn btn--md btn--normal\" href=\"https:\/\/www.chateau-guetsch.ch\/packages\/\" title=\"button\" target=\"_self\">Discover<\/a><\/div><\/div><\/div><\/div><\/div>[\/vc_column][\/vc_row][vc_row full_width=&#8221;stretch_row_content_no_spaces&#8221;][vc_column]<div  class=\"empty-space  marg-lg-b50 marg-xs-b25\"><\/div>[\/vc_column][\/vc_row][vc_row][vc_column el_class=&#8221;row-center-content&#8221;]<div  class=\"hb-text-block__wrapper text-alignment--left style2\"><div class=\"row\"><div class=\"col-md-6\"><div class=\"hb-text_block_content\"><div class=\"hb-text-block___inner_wrapper text-right\"><h2 class=\"featured-rooms-slider__title title-color-black\">IMPRESSIONS<\/h2><div class=\"featured-rooms-slider__text content-color-grey\"><p>Would you like to get an idea of the Hotel Ch\u00e2teau G\u00fctsch and its surroundings before your stay? Scroll through our photo gallery and look forward to your time out with us.<\/p>\n<\/div><a class=\"btn btn--md btn--normal\" href=\"https:\/\/www.chateau-guetsch.ch\/photo-gallery\/\" title=\"Zur Geschichte vom Ch\u00e2teau G\u00fctsch\" target=\"_self\">Discover<\/a><\/div><\/div><\/div><div class=\"col-md-6\"><div class=\"hb-image__block\"><img decoding=\"async\" src=\"https:\/\/www.chateau-guetsch.ch\/wp-content\/uploads\/2025\/03\/Entdecken_03_Aussicht.jpg\" alt=\"\" \/><\/div><\/div><\/div><\/div>[\/vc_column][\/vc_row][vc_row full_width=&#8221;stretch_row_content_no_spaces&#8221;][vc_column]<div  class=\"empty-space  marg-lg-b50 marg-xs-b25\"><\/div>[\/vc_column][\/vc_row][vc_row][vc_column el_class=&#8221;row-center-content&#8221;]<div  class=\"hb-text-block__wrapper text-alignment--  style1\"><div class=\"row\"><div class=\"col-md-6\"><div class=\"hb-image__block\"><img decoding=\"async\" src=\"https:\/\/www.chateau-guetsch.ch\/wp-content\/uploads\/2025\/03\/Entdecken_04_History.jpg\" alt=\"\" \/><\/div><\/div><div class=\"col-md-6\"><div class=\"hb-text_block_content\"><div class=\"hb-text-block___inner_wrapper\"><h2 class=\"featured-rooms-slider__title title-color-black\">OUR HISTORY<\/h2><div class=\"featured-rooms-slider__text content-color-grey\"><p>In 1879, the legendary Ch\u00e2teau G\u00fctsch was built as a private castle. In 1901, the Belle \u00c9poque building was given its present striking appearance and has since been used as a hotel.<\/p>\n<\/div><a class=\"btn btn--md btn--normal\" href=\"https:\/\/www.chateau-guetsch.ch\/our-history\/\" title=\"Zur Geschichte vom Ch\u00e2teau G\u00fctsch\" target=\"_self\">Discover<\/a><\/div><\/div><\/div><\/div><\/div>[\/vc_column][\/vc_row][vc_row full_width=&#8221;stretch_row_content_no_spaces&#8221;][vc_column]<div  class=\"empty-space  marg-lg-b50 marg-xs-b25\"><\/div>[\/vc_column][\/vc_row][vc_row][vc_column el_class=&#8221;row-center-content&#8221;]<div  class=\"hb-text-block__wrapper text-alignment-- style2\"><div class=\"row\"><div class=\"col-md-6\"><div class=\"hb-text_block_content\"><div class=\"hb-text-block___inner_wrapper text-right\"><h2 class=\"featured-rooms-slider__title title-color-black\">G\u00dcTSCH FUNICULAR<\/h2><div class=\"featured-rooms-slider__text content-color-grey\"><p>The G\u00fctsch funicular has been transporting guests up the G\u00fctsch since 1881. It is the oldest railway with two independent tracks still in operation in Switzerland.<\/p>\n<\/div><a class=\"btn btn--md btn--normal\" href=\"https:\/\/www.chateau-guetsch.ch\/the-guetsch-funicular\/\" title=\"Zur G\u00fctsch-Bahn\" target=\"_self\">Discover<\/a><\/div><\/div><\/div><div class=\"col-md-6\"><div class=\"hb-image__block\"><img decoding=\"async\" src=\"https:\/\/www.chateau-guetsch.ch\/wp-content\/uploads\/2021\/12\/6000.01-luzern-guetsch-1279840.jpg\" alt=\"\" \/><\/div><\/div><\/div><\/div>[\/vc_column][\/vc_row][vc_row full_width=&#8221;stretch_row_content_no_spaces&#8221;][vc_column]<div  class=\"empty-space  marg-lg-b50\"><\/div><div  class=\"jumbotron has-overlay jumbotron--lg\"  data-image=\"https:\/\/www.chateau-guetsch.ch\/wp-content\/uploads\/2022\/07\/CG_HOtel_web_2000px_19.jpg\"><div class=\"row\"><div class=\"col-md-12 jumbotron-text__content\"><div class=\"spacing\" style=\"height: 30px\"><\/div><div class=\"subtitle subtitle--lg\"><\/div><div class=\"title title--lg\"><\/div><\/div><\/div><\/div>[\/vc_column][\/vc_row]<\/p>\n","protected":false},"excerpt":{"rendered":"<p>[vc_row full_width=&#8221;stretch_row_content_no_spaces&#8221;][vc_column][\/vc_column][\/vc_row][vc_row][vc_column width=&#8221;1\/6&#8243;][\/vc_column][vc_column width=&#8221;2\/3&#8243;][\/vc_column][vc_column width=&#8221;1\/6&#8243;][\/vc_column][\/vc_row][vc_row][vc_column][\/vc_column][\/vc_row][vc_row full_width=&#8221;stretch_row_content_no_spaces&#8221;][vc_column][\/vc_column][\/vc_row][vc_row][vc_column el_class=&#8221;row-center-content&#8221;][\/vc_column][\/vc_row][vc_row full_width=&#8221;stretch_row_content_no_spaces&#8221;][vc_column][\/vc_column][\/vc_row][vc_row][vc_column el_class=&#8221;row-center-content&#8221;][\/vc_column][\/vc_row][vc_row full_width=&#8221;stretch_row_content_no_spaces&#8221;][vc_column][\/vc_column][\/vc_row][vc_row][vc_column el_class=&#8221;row-center-content&#8221;][\/vc_column][\/vc_row][vc_row full_width=&#8221;stretch_row_content_no_spaces&#8221;][vc_column][\/vc_column][\/vc_row]<\/p>\n","protected":false},"author":2,"featured_media":0,"parent":0,"menu_order":0,"comment_status":"closed","ping_status":"closed","template":"","meta":{"_acf_changed":false,"footnotes":""},"class_list":["post-1832","page","type-page","status-publish","hentry"],"acf":[],"yoast_head":"<!-- This site is optimized with the Yoast SEO plugin v24.1 - https:\/\/yoast.com\/wordpress\/plugins\/seo\/ -->\n<title>Excursion to the town or region - Hotel Ch\u00e2teau G\u00fctsch Lucerne<\/title>\n<meta name=\"description\" content=\"Whether cultural city highlights, shopping or excursions into nature: discover Lucerne and the most beautiful spots in Switzerland.\" \/>\n<meta name=\"robots\" content=\"index, follow, max-snippet:-1, max-image-preview:large, max-video-preview:-1\" \/>\n<link rel=\"canonical\" href=\"https:\/\/www.chateau-guetsch.ch\/en\/explore\/\" \/>\n<meta property=\"og:locale\" content=\"en_US\" \/>\n<meta property=\"og:type\" content=\"article\" \/>\n<meta property=\"og:title\" content=\"Excursion to the town or region - Hotel Ch\u00e2teau G\u00fctsch Lucerne\" \/>\n<meta property=\"og:description\" content=\"Whether cultural city highlights, shopping or excursions into nature: discover Lucerne and the most beautiful spots in Switzerland.\" \/>\n<meta property=\"og:url\" content=\"https:\/\/www.chateau-guetsch.ch\/en\/explore\/\" \/>\n<meta property=\"og:site_name\" content=\"Chateau G\u00fctsch\" \/>\n<meta property=\"article:modified_time\" content=\"2025-03-06T01:27:45+00:00\" \/>\n<meta name=\"twitter:card\" content=\"summary_large_image\" \/>\n<meta name=\"twitter:label1\" content=\"Est. reading time\" \/>\n\t<meta name=\"twitter:data1\" content=\"2 minutes\" \/>\n<script type=\"application\/ld+json\" class=\"yoast-schema-graph\">{\"@context\":\"https:\/\/schema.org\",\"@graph\":[{\"@type\":\"WebPage\",\"@id\":\"https:\/\/www.chateau-guetsch.ch\/en\/explore\/\",\"url\":\"https:\/\/www.chateau-guetsch.ch\/en\/explore\/\",\"name\":\"Excursion to the town or region - Hotel Ch\u00e2teau G\u00fctsch Lucerne\",\"isPartOf\":{\"@id\":\"https:\/\/www.chateau-guetsch.ch\/#website\"},\"datePublished\":\"2021-11-05T12:44:23+00:00\",\"dateModified\":\"2025-03-06T01:27:45+00:00\",\"description\":\"Whether cultural city highlights, shopping or excursions into nature: discover Lucerne and the most beautiful spots in Switzerland.\",\"breadcrumb\":{\"@id\":\"https:\/\/www.chateau-guetsch.ch\/en\/explore\/#breadcrumb\"},\"inLanguage\":\"en-US\",\"potentialAction\":[{\"@type\":\"ReadAction\",\"target\":[\"https:\/\/www.chateau-guetsch.ch\/en\/explore\/\"]}]},{\"@type\":\"BreadcrumbList\",\"@id\":\"https:\/\/www.chateau-guetsch.ch\/en\/explore\/#breadcrumb\",\"itemListElement\":[{\"@type\":\"ListItem\",\"position\":1,\"name\":\"Home\",\"item\":\"https:\/\/www.chateau-guetsch.ch\/en\/\"},{\"@type\":\"ListItem\",\"position\":2,\"name\":\"Explore\"}]},{\"@type\":\"WebSite\",\"@id\":\"https:\/\/www.chateau-guetsch.ch\/#website\",\"url\":\"https:\/\/www.chateau-guetsch.ch\/\",\"name\":\"Gut\",\"description\":\"\",\"potentialAction\":[{\"@type\":\"SearchAction\",\"target\":{\"@type\":\"EntryPoint\",\"urlTemplate\":\"https:\/\/www.chateau-guetsch.ch\/?s={search_term_string}\"},\"query-input\":{\"@type\":\"PropertyValueSpecification\",\"valueRequired\":true,\"valueName\":\"search_term_string\"}}],\"inLanguage\":\"en-US\"}]}<\/script>\n<!-- \/ Yoast SEO plugin. -->","yoast_head_json":{"title":"Excursion to the town or region - Hotel Ch\u00e2teau G\u00fctsch Lucerne","description":"Whether cultural city highlights, shopping or excursions into nature: discover Lucerne and the most beautiful spots in Switzerland.","robots":{"index":"index","follow":"follow","max-snippet":"max-snippet:-1","max-image-preview":"max-image-preview:large","max-video-preview":"max-video-preview:-1"},"canonical":"https:\/\/www.chateau-guetsch.ch\/en\/explore\/","og_locale":"en_US","og_type":"article","og_title":"Excursion to the town or region - Hotel Ch\u00e2teau G\u00fctsch Lucerne","og_description":"Whether cultural city highlights, shopping or excursions into nature: discover Lucerne and the most beautiful spots in Switzerland.","og_url":"https:\/\/www.chateau-guetsch.ch\/en\/explore\/","og_site_name":"Chateau G\u00fctsch","article_modified_time":"2025-03-06T01:27:45+00:00","twitter_card":"summary_large_image","twitter_misc":{"Est. reading time":"2 minutes"},"schema":{"@context":"https:\/\/schema.org","@graph":[{"@type":"WebPage","@id":"https:\/\/www.chateau-guetsch.ch\/en\/explore\/","url":"https:\/\/www.chateau-guetsch.ch\/en\/explore\/","name":"Excursion to the town or region - Hotel Ch\u00e2teau G\u00fctsch Lucerne","isPartOf":{"@id":"https:\/\/www.chateau-guetsch.ch\/#website"},"datePublished":"2021-11-05T12:44:23+00:00","dateModified":"2025-03-06T01:27:45+00:00","description":"Whether cultural city highlights, shopping or excursions into nature: discover Lucerne and the most beautiful spots in Switzerland.","breadcrumb":{"@id":"https:\/\/www.chateau-guetsch.ch\/en\/explore\/#breadcrumb"},"inLanguage":"en-US","potentialAction":[{"@type":"ReadAction","target":["https:\/\/www.chateau-guetsch.ch\/en\/explore\/"]}]},{"@type":"BreadcrumbList","@id":"https:\/\/www.chateau-guetsch.ch\/en\/explore\/#breadcrumb","itemListElement":[{"@type":"ListItem","position":1,"name":"Home","item":"https:\/\/www.chateau-guetsch.ch\/en\/"},{"@type":"ListItem","position":2,"name":"Explore"}]},{"@type":"WebSite","@id":"https:\/\/www.chateau-guetsch.ch\/#website","url":"https:\/\/www.chateau-guetsch.ch\/","name":"Gut","description":"","potentialAction":[{"@type":"SearchAction","target":{"@type":"EntryPoint","urlTemplate":"https:\/\/www.chateau-guetsch.ch\/?s={search_term_string}"},"query-input":{"@type":"PropertyValueSpecification","valueRequired":true,"valueName":"search_term_string"}}],"inLanguage":"en-US"}]}},"_links":{"self":[{"href":"https:\/\/www.chateau-guetsch.ch\/en\/wp-json\/wp\/v2\/pages\/1832","targetHints":{"allow":["GET"]}}],"collection":[{"href":"https:\/\/www.chateau-guetsch.ch\/en\/wp-json\/wp\/v2\/pages"}],"about":[{"href":"https:\/\/www.chateau-guetsch.ch\/en\/wp-json\/wp\/v2\/types\/page"}],"author":[{"embeddable":true,"href":"https:\/\/www.chateau-guetsch.ch\/en\/wp-json\/wp\/v2\/users\/2"}],"replies":[{"embeddable":true,"href":"https:\/\/www.chateau-guetsch.ch\/en\/wp-json\/wp\/v2\/comments?post=1832"}],"version-history":[{"count":7,"href":"https:\/\/www.chateau-guetsch.ch\/en\/wp-json\/wp\/v2\/pages\/1832\/revisions"}],"predecessor-version":[{"id":13243,"href":"https:\/\/www.chateau-guetsch.ch\/en\/wp-json\/wp\/v2\/pages\/1832\/revisions\/13243"}],"wp:attachment":[{"href":"https:\/\/www.chateau-guetsch.ch\/en\/wp-json\/wp\/v2\/media?parent=1832"}],"curies":[{"name":"wp","href":"https:\/\/api.w.org\/{rel}","templated":true}]}}