{"id":2621,"date":"2021-12-03T11:24:39","date_gmt":"2021-12-03T10:24:39","guid":{"rendered":"https:\/\/www.chateau-guetsch.ch\/?page_id=2621"},"modified":"2025-03-06T03:10:47","modified_gmt":"2025-03-06T02:10:47","slug":"our-history","status":"publish","type":"page","link":"https:\/\/www.chateau-guetsch.ch\/en\/our-history\/","title":{"rendered":"Our history"},"content":{"rendered":"<p>[vc_row full_width=&#8221;stretch_row_content_no_spaces&#8221; css=&#8221;.vc_custom_1741226375580{background-position: center !important;background-repeat: no-repeat !important;background-size: cover !important;}&#8221;][vc_column]<div id=\"home\" class=\"hero-slider hero-video__banner bg hero-slider--booking style4 hero-slider__small\" style=\"background-image:url(https:\/\/www.chateau-guetsch.ch\/wp-content\/uploads\/2025\/02\/CG_Hotel_History_06.jpg);\"><div class=\"hero-slider__items\"><div class=\"hero-slider__item\"><div id=\"bgndVideo\" class=\"player\" data-property=\"{videoURL:'',containment:'#home',autoPlay:true, showControls:true, showYTLogo: false, mute:true, startAt:0, opacity:1}\"><\/div><div class=\"hero-slider__wrap\"><div class=\"subtitle subtitle--slider\"><\/div><h2 class=\"title title--slider\">HISTORICAL ICON<\/h2><\/div><\/div><!--end of item--><\/div><div class=\"hero-additional hero-date-picker-style2\"><div class=\"container\">\n<section class=\"booking-section c-booking-search-form\">\n\t<div class=\"booking-main\">\n\t\t<div id=\"c10\" class=\"frame frame-default frame-type-html frame-layout-0\">\n\n\t\t\t\t<div id=\"booking-engine\" class=\"booking-engine\" data-locale=\"en\"><\/div>\n\t\t<\/div>\n\t\t<!--\n\t\t\t<div class=\"booking-best-price\" data-target=\"#bestPrice\" data-toggle=\"modal\">\n\t\t\t\t<span class=\"h2\">\n\t\t\t\t\tBest-Preis Garantie\n\t\t\t\t<\/span>\n\t\t\t<\/div>\n\t\t-->\n    <\/div>\n<\/section>\n<\/div><\/div><\/div>[\/vc_column][\/vc_row][vc_row][vc_column]<div  class=\"empty-space  marg-lg-b50\"><\/div>[\/vc_column][\/vc_row][vc_row][vc_column width=&#8221;1\/6&#8243;][\/vc_column][vc_column width=&#8221;2\/3&#8243;]<div class=\"text-block \" ><div class=\"simple-text \"><h1>A landmark of Lucerne \u2013 The <span class=\"s2\">Ch\u00e2teau G\u00fctsch<\/span><\/h1>\n<p class=\"lead\">The G\u00fctsch is a hill in the west of the city of Lucerne. Long ago, a watch fire burned here to warn the city of attacks or other dangers in times of war.<\/p>\n<\/div><\/div><div  class=\"empty-space  marg-lg-b50 marg-xs-b25\"><\/div>[\/vc_column][vc_column width=&#8221;1\/6&#8243;][\/vc_column][\/vc_row][vc_row][vc_column width=&#8221;1\/6&#8243;][\/vc_column][vc_column width=&#8221;2\/3&#8243;]<div class=\"text-block \" ><div class=\"simple-text \"><p>In 1590, the G\u00fctsch tower was built as the end point of the town&#8217;s fortifications and remained in place until a fire in 1888. In 1859 Burkhard Pfyffer bought the land from the town and was granted the right to run an inn on the G\u00fctsch. The inn was bought by Ignaz Businger in 1879 and expanded into a hotel. With the construction of the G\u00fctsch railroad in 1884, it became easier for guests to reach the hotel.<\/p>\n<\/div><\/div><div  class=\"empty-space  marg-lg-b40\"><\/div>[\/vc_column][vc_column width=&#8221;1\/6&#8243;][\/vc_column][\/vc_row][vc_row full_width=&#8221;stretch_row_content_no_spaces&#8221;][vc_column][vc_single_image image=&#8221;3528&#8243; img_size=&#8221;large&#8221; alignment=&#8221;center&#8221;]<div  class=\"empty-space  marg-lg-b40 marg-xs-b50\"><\/div>[\/vc_column][\/vc_row][vc_row][vc_column width=&#8221;1\/6&#8243;][\/vc_column][vc_column width=&#8221;2\/3&#8243;]<div class=\"text-block \" ><div class=\"simple-text \"><p class=\"p1\">In 1888, a large part of the hotel was completely destroyed by fire. In 1901, the Lucerne architect Emil Vogt gave the house its current appearance, modeled on Neuschwanstein Castle. During the First World War and until 1921, the Hotel G\u00fctsch remained closed. During the Second World War, the castle hotel alternately housed refugees, returning emigrants and prisoners of war.<\/p>\n<\/div><\/div><div  class=\"empty-space  marg-lg-b40\"><\/div>[\/vc_column][vc_column width=&#8221;1\/6&#8243;][\/vc_column][\/vc_row][vc_row full_width=&#8221;stretch_row_content_no_spaces&#8221;][vc_column][vc_single_image image=&#8221;3534&#8243; img_size=&#8221;large&#8221; alignment=&#8221;center&#8221;]<div  class=\"empty-space  marg-lg-b40 marg-xs-b50\"><\/div>[\/vc_column][\/vc_row][vc_row][vc_column width=&#8221;1\/6&#8243;][\/vc_column][vc_column width=&#8221;2\/3&#8243;]<div class=\"text-block \" ><div class=\"simple-text \"><p>After this period, Ch\u00e2teau G\u00fctsch was again a popular hotel for guests from all over the world and important place for festive life moments of the local population. In 2014 and 2021, the hotel underwent extensive renovations.<\/p>\n<p>Over the years, famous guests have stayed at the G\u00fctsch time and again. There were kings and queens among them, diplomats, world stars and artists.<\/p>\n<p>To this day, however, many well-known Lucerne residents also appreciate the Hotel G\u00fctsch for business and family events, the accommodation of guests or a romantic dinner for two.<\/p>\n<\/div><\/div><div  class=\"empty-space  marg-lg-b40\"><\/div>[vc_single_image image=&#8221;3416&#8243; img_size=&#8221;large&#8221;]<div  class=\"empty-space  marg-lg-b40\"><\/div>[\/vc_column][vc_column width=&#8221;1\/6&#8243;][\/vc_column][\/vc_row][vc_row][vc_column width=&#8221;1\/6&#8243;][\/vc_column][vc_column width=&#8221;2\/3&#8243;]<div class=\"text-block \" ><div class=\"simple-text \"><p>As early as 1841, the English painter William Turner painted the city of Lucerne from the G\u00fctsch. This painting is now in the collection of the London Tate Gallery.<\/p>\n<p>In 1868, the legendary English Queen Victoria spent five weeks on the G\u00fctsch. Also among the guests of the G\u00fctsch was the legendary conductor Arturo Toscanini, who regularly stayed here during the Lucerne Festival.<\/p>\n<\/div><\/div><div  class=\"empty-space  marg-lg-b40\"><\/div>[vc_single_image image=&#8221;3530&#8243; img_size=&#8221;large&#8221;]<div  class=\"empty-space  marg-lg-b40\"><\/div>[\/vc_column][vc_column width=&#8221;1\/6&#8243;][\/vc_column][\/vc_row][vc_row][vc_column width=&#8221;1\/6&#8243;][\/vc_column][vc_column width=&#8221;2\/3&#8243;]<div class=\"text-block \" ><div class=\"simple-text \"><p class=\"p1\">Among the famous guests of the house in the 20th century were Henry Kissinger, Madeleine Albright, Henry Moore, Shirley Bassey Tom Jones or the world-famous conductors Herbert von Karajan, Claudio Abbado and Ricardo Chailly.<\/p>\n<\/div><\/div><div  class=\"empty-space  marg-lg-b40\"><\/div>[\/vc_column][vc_column width=&#8221;1\/6&#8243;][\/vc_column][\/vc_row][vc_row full_width=&#8221;stretch_row_content_no_spaces&#8221;][vc_column][vc_single_image image=&#8221;6216&#8243; img_size=&#8221;large&#8221; alignment=&#8221;center&#8221;]<div  class=\"empty-space  marg-lg-b40 marg-xs-b50\"><\/div>[\/vc_column][\/vc_row][vc_row][vc_column width=&#8221;1\/6&#8243;][\/vc_column][vc_column width=&#8221;2\/3&#8243;]<div class=\"text-block \" ><div class=\"simple-text \"><p>In 2014 and 2021, the hotel underwent extensive renovations. These renovations placed particular focus on preserving historic details such as ceiling stucco, wood carvings, parquet floors and hand-painted wood paneling. The work has restored the hotel&#8217;s historical charm and at the same time enriched it with contemporary comfort and lifestyle.<\/p>\n<p>In 2021, a new chapter in the history of Ch\u00e2teau G\u00fctsch begins: The lobby, reception and ballroom, redesigned by Lucerne-based Sigrist Schweizer Architekten AG in collaboration with Zurich-based interior design firm Grego, combine classic elegance with contemporary relaxation &#8211; the tradition-rich rooms with antique interior elements have been restaged with new lighting and modern artworks, heralding a new era for Ch\u00e2teau G\u00fctsch.<\/p>\n<\/div><\/div><div  class=\"empty-space  marg-lg-b80\"><\/div>[\/vc_column][vc_column width=&#8221;1\/6&#8243;][\/vc_column][\/vc_row]<\/p>\n","protected":false},"excerpt":{"rendered":"<p>[vc_row full_width=&#8221;stretch_row_content_no_spaces&#8221; css=&#8221;.vc_custom_1741226375580{background-position: center !important;background-repeat: no-repeat !important;background-size: cover !important;}&#8221;][vc_column][\/vc_column][\/vc_row][vc_row][vc_column][\/vc_column][\/vc_row][vc_row][vc_column width=&#8221;1\/6&#8243;][\/vc_column][vc_column width=&#8221;2\/3&#8243;][\/vc_column][vc_column width=&#8221;1\/6&#8243;][\/vc_column][\/vc_row][vc_row][vc_column width=&#8221;1\/6&#8243;][\/vc_column][vc_column width=&#8221;2\/3&#8243;][\/vc_column][vc_column width=&#8221;1\/6&#8243;][\/vc_column][\/vc_row][vc_row full_width=&#8221;stretch_row_content_no_spaces&#8221;][vc_column][vc_single_image image=&#8221;3528&#8243; img_size=&#8221;large&#8221; alignment=&#8221;center&#8221;][\/vc_column][\/vc_row][vc_row][vc_column width=&#8221;1\/6&#8243;][\/vc_column][vc_column width=&#8221;2\/3&#8243;][\/vc_column][vc_column width=&#8221;1\/6&#8243;][\/vc_column][\/vc_row][vc_row full_width=&#8221;stretch_row_content_no_spaces&#8221;][vc_column][vc_single_image image=&#8221;3534&#8243; img_size=&#8221;large&#8221; alignment=&#8221;center&#8221;][\/vc_column][\/vc_row][vc_row][vc_column width=&#8221;1\/6&#8243;][\/vc_column][vc_column width=&#8221;2\/3&#8243;][vc_single_image image=&#8221;3416&#8243; img_size=&#8221;large&#8221;][\/vc_column][vc_column width=&#8221;1\/6&#8243;][\/vc_column][\/vc_row][vc_row][vc_column width=&#8221;1\/6&#8243;][\/vc_column][vc_column width=&#8221;2\/3&#8243;][vc_single_image image=&#8221;3530&#8243; img_size=&#8221;large&#8221;][\/vc_column][vc_column width=&#8221;1\/6&#8243;][\/vc_column][\/vc_row][vc_row][vc_column width=&#8221;1\/6&#8243;][\/vc_column][vc_column width=&#8221;2\/3&#8243;][\/vc_column][vc_column width=&#8221;1\/6&#8243;][\/vc_column][\/vc_row][vc_row full_width=&#8221;stretch_row_content_no_spaces&#8221;][vc_column][vc_single_image image=&#8221;6216&#8243; img_size=&#8221;large&#8221; alignment=&#8221;center&#8221;][\/vc_column][\/vc_row][vc_row][vc_column width=&#8221;1\/6&#8243;][\/vc_column][vc_column width=&#8221;2\/3&#8243;][\/vc_column][vc_column width=&#8221;1\/6&#8243;][\/vc_column][\/vc_row]<\/p>\n","protected":false},"author":2,"featured_media":0,"parent":0,"menu_order":0,"comment_status":"closed","ping_status":"closed","template":"","meta":{"_acf_changed":false,"footnotes":""},"class_list":["post-2621","page","type-page","status-publish","hentry"],"acf":[],"yoast_head":"<!-- This site is optimized with the Yoast SEO plugin v24.1 - https:\/\/yoast.com\/wordpress\/plugins\/seo\/ -->\n<title>Historic castle hotel - Hotel Ch\u00e2teau G\u00fctsch Lucerne<\/title>\n<meta name=\"description\" content=\"For over 140 years, people from all over the world have been visiting the historic Hotel Ch\u00e2teau G\u00fctsch. Discover the history of the G\u00fctsch.\" \/>\n<meta name=\"robots\" content=\"index, follow, max-snippet:-1, max-image-preview:large, max-video-preview:-1\" \/>\n<link rel=\"canonical\" href=\"https:\/\/www.chateau-guetsch.ch\/en\/our-history\/\" \/>\n<meta property=\"og:locale\" content=\"en_US\" \/>\n<meta property=\"og:type\" content=\"article\" \/>\n<meta property=\"og:title\" content=\"Historic castle hotel - Hotel Ch\u00e2teau G\u00fctsch Lucerne\" \/>\n<meta property=\"og:description\" content=\"For over 140 years, people from all over the world have been visiting the historic Hotel Ch\u00e2teau G\u00fctsch. Discover the history of the G\u00fctsch.\" \/>\n<meta property=\"og:url\" content=\"https:\/\/www.chateau-guetsch.ch\/en\/our-history\/\" \/>\n<meta property=\"og:site_name\" content=\"Chateau G\u00fctsch\" \/>\n<meta property=\"article:publisher\" content=\"https:\/\/www.facebook.com\/Chateau.Gutsch\" \/>\n<meta property=\"article:modified_time\" content=\"2025-03-06T02:10:47+00:00\" \/>\n<meta name=\"twitter:card\" content=\"summary_large_image\" \/>\n<meta name=\"twitter:label1\" content=\"Est. reading time\" \/>\n\t<meta name=\"twitter:data1\" content=\"4 minutes\" \/>\n<script type=\"application\/ld+json\" class=\"yoast-schema-graph\">{\"@context\":\"https:\/\/schema.org\",\"@graph\":[{\"@type\":\"WebPage\",\"@id\":\"https:\/\/www.chateau-guetsch.ch\/en\/our-history\/\",\"url\":\"https:\/\/www.chateau-guetsch.ch\/en\/our-history\/\",\"name\":\"Historic castle hotel - Hotel Ch\u00e2teau G\u00fctsch Lucerne\",\"isPartOf\":{\"@id\":\"https:\/\/www.chateau-guetsch.ch\/#website\"},\"datePublished\":\"2021-12-03T10:24:39+00:00\",\"dateModified\":\"2025-03-06T02:10:47+00:00\",\"description\":\"For over 140 years, people from all over the world have been visiting the historic Hotel Ch\u00e2teau G\u00fctsch. Discover the history of the G\u00fctsch.\",\"breadcrumb\":{\"@id\":\"https:\/\/www.chateau-guetsch.ch\/en\/our-history\/#breadcrumb\"},\"inLanguage\":\"en-US\",\"potentialAction\":[{\"@type\":\"ReadAction\",\"target\":[\"https:\/\/www.chateau-guetsch.ch\/en\/our-history\/\"]}]},{\"@type\":\"BreadcrumbList\",\"@id\":\"https:\/\/www.chateau-guetsch.ch\/en\/our-history\/#breadcrumb\",\"itemListElement\":[{\"@type\":\"ListItem\",\"position\":1,\"name\":\"Home\",\"item\":\"https:\/\/www.chateau-guetsch.ch\/en\/\"},{\"@type\":\"ListItem\",\"position\":2,\"name\":\"Our history\"}]},{\"@type\":\"WebSite\",\"@id\":\"https:\/\/www.chateau-guetsch.ch\/#website\",\"url\":\"https:\/\/www.chateau-guetsch.ch\/\",\"name\":\"Hotel Chateau G\u00fctsch\",\"description\":\"\",\"publisher\":{\"@id\":\"https:\/\/www.chateau-guetsch.ch\/#organization\"},\"potentialAction\":[{\"@type\":\"SearchAction\",\"target\":{\"@type\":\"EntryPoint\",\"urlTemplate\":\"https:\/\/www.chateau-guetsch.ch\/?s={search_term_string}\"},\"query-input\":{\"@type\":\"PropertyValueSpecification\",\"valueRequired\":true,\"valueName\":\"search_term_string\"}}],\"inLanguage\":\"en-US\"},{\"@type\":\"Organization\",\"@id\":\"https:\/\/www.chateau-guetsch.ch\/#organization\",\"name\":\"Chateau G\u00fctsch\",\"url\":\"https:\/\/www.chateau-guetsch.ch\/\",\"logo\":{\"@type\":\"ImageObject\",\"inLanguage\":\"en-US\",\"@id\":\"https:\/\/www.chateau-guetsch.ch\/#\/schema\/logo\/image\/\",\"url\":\"https:\/\/www.chateau-guetsch.ch\/wp-content\/uploads\/2021\/11\/Logo.png\",\"contentUrl\":\"https:\/\/www.chateau-guetsch.ch\/wp-content\/uploads\/2021\/11\/Logo.png\",\"width\":425,\"height\":207,\"caption\":\"Chateau G\u00fctsch\"},\"image\":{\"@id\":\"https:\/\/www.chateau-guetsch.ch\/#\/schema\/logo\/image\/\"},\"sameAs\":[\"https:\/\/www.facebook.com\/Chateau.Gutsch\",\"https:\/\/www.instagram.com\/chateau_gutsch\/\"]}]}<\/script>\n<!-- \/ Yoast SEO plugin. -->","yoast_head_json":{"title":"Historic castle hotel - Hotel Ch\u00e2teau G\u00fctsch Lucerne","description":"For over 140 years, people from all over the world have been visiting the historic Hotel Ch\u00e2teau G\u00fctsch. Discover the history of the G\u00fctsch.","robots":{"index":"index","follow":"follow","max-snippet":"max-snippet:-1","max-image-preview":"max-image-preview:large","max-video-preview":"max-video-preview:-1"},"canonical":"https:\/\/www.chateau-guetsch.ch\/en\/our-history\/","og_locale":"en_US","og_type":"article","og_title":"Historic castle hotel - Hotel Ch\u00e2teau G\u00fctsch Lucerne","og_description":"For over 140 years, people from all over the world have been visiting the historic Hotel Ch\u00e2teau G\u00fctsch. Discover the history of the G\u00fctsch.","og_url":"https:\/\/www.chateau-guetsch.ch\/en\/our-history\/","og_site_name":"Chateau G\u00fctsch","article_publisher":"https:\/\/www.facebook.com\/Chateau.Gutsch","article_modified_time":"2025-03-06T02:10:47+00:00","twitter_card":"summary_large_image","twitter_misc":{"Est. reading time":"4 minutes"},"schema":{"@context":"https:\/\/schema.org","@graph":[{"@type":"WebPage","@id":"https:\/\/www.chateau-guetsch.ch\/en\/our-history\/","url":"https:\/\/www.chateau-guetsch.ch\/en\/our-history\/","name":"Historic castle hotel - Hotel Ch\u00e2teau G\u00fctsch Lucerne","isPartOf":{"@id":"https:\/\/www.chateau-guetsch.ch\/#website"},"datePublished":"2021-12-03T10:24:39+00:00","dateModified":"2025-03-06T02:10:47+00:00","description":"For over 140 years, people from all over the world have been visiting the historic Hotel Ch\u00e2teau G\u00fctsch. Discover the history of the G\u00fctsch.","breadcrumb":{"@id":"https:\/\/www.chateau-guetsch.ch\/en\/our-history\/#breadcrumb"},"inLanguage":"en-US","potentialAction":[{"@type":"ReadAction","target":["https:\/\/www.chateau-guetsch.ch\/en\/our-history\/"]}]},{"@type":"BreadcrumbList","@id":"https:\/\/www.chateau-guetsch.ch\/en\/our-history\/#breadcrumb","itemListElement":[{"@type":"ListItem","position":1,"name":"Home","item":"https:\/\/www.chateau-guetsch.ch\/en\/"},{"@type":"ListItem","position":2,"name":"Our history"}]},{"@type":"WebSite","@id":"https:\/\/www.chateau-guetsch.ch\/#website","url":"https:\/\/www.chateau-guetsch.ch\/","name":"Hotel Chateau G\u00fctsch","description":"","publisher":{"@id":"https:\/\/www.chateau-guetsch.ch\/#organization"},"potentialAction":[{"@type":"SearchAction","target":{"@type":"EntryPoint","urlTemplate":"https:\/\/www.chateau-guetsch.ch\/?s={search_term_string}"},"query-input":{"@type":"PropertyValueSpecification","valueRequired":true,"valueName":"search_term_string"}}],"inLanguage":"en-US"},{"@type":"Organization","@id":"https:\/\/www.chateau-guetsch.ch\/#organization","name":"Chateau G\u00fctsch","url":"https:\/\/www.chateau-guetsch.ch\/","logo":{"@type":"ImageObject","inLanguage":"en-US","@id":"https:\/\/www.chateau-guetsch.ch\/#\/schema\/logo\/image\/","url":"https:\/\/www.chateau-guetsch.ch\/wp-content\/uploads\/2021\/11\/Logo.png","contentUrl":"https:\/\/www.chateau-guetsch.ch\/wp-content\/uploads\/2021\/11\/Logo.png","width":425,"height":207,"caption":"Chateau G\u00fctsch"},"image":{"@id":"https:\/\/www.chateau-guetsch.ch\/#\/schema\/logo\/image\/"},"sameAs":["https:\/\/www.facebook.com\/Chateau.Gutsch","https:\/\/www.instagram.com\/chateau_gutsch\/"]}]}},"_links":{"self":[{"href":"https:\/\/www.chateau-guetsch.ch\/en\/wp-json\/wp\/v2\/pages\/2621","targetHints":{"allow":["GET"]}}],"collection":[{"href":"https:\/\/www.chateau-guetsch.ch\/en\/wp-json\/wp\/v2\/pages"}],"about":[{"href":"https:\/\/www.chateau-guetsch.ch\/en\/wp-json\/wp\/v2\/types\/page"}],"author":[{"embeddable":true,"href":"https:\/\/www.chateau-guetsch.ch\/en\/wp-json\/wp\/v2\/users\/2"}],"replies":[{"embeddable":true,"href":"https:\/\/www.chateau-guetsch.ch\/en\/wp-json\/wp\/v2\/comments?post=2621"}],"version-history":[{"count":7,"href":"https:\/\/www.chateau-guetsch.ch\/en\/wp-json\/wp\/v2\/pages\/2621\/revisions"}],"predecessor-version":[{"id":13257,"href":"https:\/\/www.chateau-guetsch.ch\/en\/wp-json\/wp\/v2\/pages\/2621\/revisions\/13257"}],"wp:attachment":[{"href":"https:\/\/www.chateau-guetsch.ch\/en\/wp-json\/wp\/v2\/media?parent=2621"}],"curies":[{"name":"wp","href":"https:\/\/api.w.org\/{rel}","templated":true}]}}