{"id":2624,"date":"2021-12-03T11:25:21","date_gmt":"2021-12-03T10:25:21","guid":{"rendered":"https:\/\/www.chateau-guetsch.ch\/?page_id=2624"},"modified":"2023-10-02T03:23:04","modified_gmt":"2023-10-02T01:23:04","slug":"the-guetsch-funicular","status":"publish","type":"page","link":"https:\/\/www.chateau-guetsch.ch\/en\/the-guetsch-funicular\/","title":{"rendered":"The G\u00fctsch Funicular"},"content":{"rendered":"<p>[vc_row full_width=&#8221;stretch_row_content_no_spaces&#8221; css=&#8221;.vc_custom_1639570064405{padding-top: 150px !important;padding-bottom: 150px !important;background-image: url(https:\/\/www.chateau-guetsch.ch\/wp-content\/uploads\/2021\/12\/Hotel_Chateau_Guetsch_Luzern_Entdecken_image001Bahn.jpg?id=3432) !important;background-position: center !important;background-repeat: no-repeat !important;background-size: cover !important;}&#8221; el_class=&#8221;block-page-header&#8221;][vc_column]<div  class=\"main-heading\"><span class=\"subtitle\" style=\"color:rgba(255,255,255,0.79);\"><\/span><h2 class=\"title\" style=\"color:#ffffff;\">HISTORICAL FUNICULAR<\/h2><\/div>[\/vc_column][\/vc_row][vc_row full_width=&#8221;stretch_row_content_no_spaces&#8221;][vc_column]<div  class=\"empty-space  marg-lg-b50 marg-xs-b25\"><\/div>[\/vc_column][\/vc_row][vc_row][vc_column width=&#8221;1\/6&#8243;][\/vc_column][vc_column width=&#8221;2\/3&#8243;]<div class=\"text-block \" ><div class=\"simple-text \"><h1>The historic G\u00fctsch Funicular<\/h1>\n<p class=\"lead\">In 1881, the G\u00fctsch Funicular was built to link the Schlosshotel G\u00fctsch with Lucerne and Lake Lucerne.<\/p>\n<\/div><\/div>[\/vc_column][vc_column width=&#8221;1\/6&#8243;][\/vc_column][\/vc_row][vc_row full_width=&#8221;stretch_row_content_no_spaces&#8221;][vc_column]<div  class=\"empty-space  marg-lg-b50 marg-xs-b25\"><\/div>[\/vc_column][\/vc_row][vc_row][vc_column][vc_single_image image=&#8221;5697&#8243; img_size=&#8221;large&#8221; alignment=&#8221;center&#8221;][\/vc_column][\/vc_row][vc_row full_width=&#8221;stretch_row_content_no_spaces&#8221;][vc_column]<div  class=\"empty-space  marg-lg-b50 marg-xs-b25\"><\/div>[\/vc_column][\/vc_row][vc_row][vc_column width=&#8221;1\/6&#8243;][\/vc_column][vc_column width=&#8221;2\/3&#8243;]<div class=\"text-block \" ><div class=\"simple-text \"><p style=\"text-align: left;\">From 1990, the G\u00fctsch Funicular was converted to automatic operation and in 2015 the old funicular was replaced by two modern inclined elevators. Today, the ride to the G\u00fctsch takes just one and a half minutes.<\/p>\n<\/div><\/div>[\/vc_column][vc_column width=&#8221;1\/6&#8243;][\/vc_column][\/vc_row][vc_row full_width=&#8221;stretch_row_content_no_spaces&#8221;][vc_column]<div  class=\"empty-space  marg-lg-b80 marg-xs-b50\"><\/div>[\/vc_column][\/vc_row][vc_row][vc_column width=&#8221;2\/5&#8243;][vc_single_image image=&#8221;3428&#8243; img_size=&#8221;large&#8221; alignment=&#8221;center&#8221;][\/vc_column][vc_column width=&#8221;1\/5&#8243;][\/vc_column][vc_column width=&#8221;2\/5&#8243;][vc_single_image image=&#8221;3430&#8243; img_size=&#8221;large&#8221; alignment=&#8221;center&#8221;][\/vc_column][\/vc_row][vc_row][vc_column]<div  class=\"empty-space  marg-lg-b80\"><\/div>[\/vc_column][\/vc_row]<\/p>\n","protected":false},"excerpt":{"rendered":"<p>[vc_row full_width=&#8221;stretch_row_content_no_spaces&#8221; css=&#8221;.vc_custom_1639570064405{padding-top: 150px !important;padding-bottom: 150px !important;background-image: url(https:\/\/www.chateau-guetsch.ch\/wp-content\/uploads\/2021\/12\/Hotel_Chateau_Guetsch_Luzern_Entdecken_image001Bahn.jpg?id=3432) !important;background-position: center !important;background-repeat: no-repeat !important;background-size: cover !important;}&#8221; el_class=&#8221;block-page-header&#8221;][vc_column][\/vc_column][\/vc_row][vc_row full_width=&#8221;stretch_row_content_no_spaces&#8221;][vc_column][\/vc_column][\/vc_row][vc_row][vc_column width=&#8221;1\/6&#8243;][\/vc_column][vc_column width=&#8221;2\/3&#8243;][\/vc_column][vc_column width=&#8221;1\/6&#8243;][\/vc_column][\/vc_row][vc_row full_width=&#8221;stretch_row_content_no_spaces&#8221;][vc_column][\/vc_column][\/vc_row][vc_row][vc_column][vc_single_image image=&#8221;5697&#8243; img_size=&#8221;large&#8221; alignment=&#8221;center&#8221;][\/vc_column][\/vc_row][vc_row full_width=&#8221;stretch_row_content_no_spaces&#8221;][vc_column][\/vc_column][\/vc_row][vc_row][vc_column width=&#8221;1\/6&#8243;][\/vc_column][vc_column width=&#8221;2\/3&#8243;][\/vc_column][vc_column width=&#8221;1\/6&#8243;][\/vc_column][\/vc_row][vc_row full_width=&#8221;stretch_row_content_no_spaces&#8221;][vc_column][\/vc_column][\/vc_row][vc_row][vc_column width=&#8221;2\/5&#8243;][vc_single_image image=&#8221;3428&#8243; img_size=&#8221;large&#8221; alignment=&#8221;center&#8221;][\/vc_column][vc_column width=&#8221;1\/5&#8243;][\/vc_column][vc_column width=&#8221;2\/5&#8243;][vc_single_image image=&#8221;3430&#8243; img_size=&#8221;large&#8221; alignment=&#8221;center&#8221;][\/vc_column][\/vc_row][vc_row][vc_column][\/vc_column][\/vc_row]<\/p>\n","protected":false},"author":2,"featured_media":0,"parent":0,"menu_order":0,"comment_status":"closed","ping_status":"closed","template":"","meta":{"_acf_changed":false,"footnotes":""},"class_list":["post-2624","page","type-page","status-publish","hentry"],"acf":[],"yoast_head":"<!-- This site is optimized with the Yoast SEO plugin v24.1 - https:\/\/yoast.com\/wordpress\/plugins\/seo\/ -->\n<title>G\u00fctsch funicular - Hotel Ch\u00e2teau G\u00fctsch Lucerne<\/title>\n<meta name=\"description\" content=\"In 1881, the G\u00fctsch Funicular was built to link the Schlosshotel G\u00fctsch with Lucerne and Lake Lucerne. Learn more.\" \/>\n<meta name=\"robots\" content=\"index, follow, max-snippet:-1, max-image-preview:large, max-video-preview:-1\" \/>\n<link rel=\"canonical\" href=\"https:\/\/www.chateau-guetsch.ch\/en\/the-guetsch-funicular\/\" \/>\n<meta property=\"og:locale\" content=\"en_US\" \/>\n<meta property=\"og:type\" content=\"article\" \/>\n<meta property=\"og:title\" content=\"G\u00fctsch funicular - Hotel Ch\u00e2teau G\u00fctsch Lucerne\" \/>\n<meta property=\"og:description\" content=\"In 1881, the G\u00fctsch Funicular was built to link the Schlosshotel G\u00fctsch with Lucerne and Lake Lucerne. Learn more.\" \/>\n<meta property=\"og:url\" content=\"https:\/\/www.chateau-guetsch.ch\/en\/the-guetsch-funicular\/\" \/>\n<meta property=\"og:site_name\" content=\"Chateau G\u00fctsch\" \/>\n<meta property=\"article:publisher\" content=\"https:\/\/www.facebook.com\/Chateau.Gutsch\" \/>\n<meta property=\"article:modified_time\" content=\"2023-10-02T01:23:04+00:00\" \/>\n<meta name=\"twitter:card\" content=\"summary_large_image\" \/>\n<meta name=\"twitter:label1\" content=\"Est. reading time\" \/>\n\t<meta name=\"twitter:data1\" content=\"1 minute\" \/>\n<script type=\"application\/ld+json\" class=\"yoast-schema-graph\">{\"@context\":\"https:\/\/schema.org\",\"@graph\":[{\"@type\":\"WebPage\",\"@id\":\"https:\/\/www.chateau-guetsch.ch\/en\/the-guetsch-funicular\/\",\"url\":\"https:\/\/www.chateau-guetsch.ch\/en\/the-guetsch-funicular\/\",\"name\":\"G\u00fctsch funicular - Hotel Ch\u00e2teau G\u00fctsch Lucerne\",\"isPartOf\":{\"@id\":\"https:\/\/www.chateau-guetsch.ch\/#website\"},\"datePublished\":\"2021-12-03T10:25:21+00:00\",\"dateModified\":\"2023-10-02T01:23:04+00:00\",\"description\":\"In 1881, the G\u00fctsch Funicular was built to link the Schlosshotel G\u00fctsch with Lucerne and Lake Lucerne. Learn more.\",\"breadcrumb\":{\"@id\":\"https:\/\/www.chateau-guetsch.ch\/en\/the-guetsch-funicular\/#breadcrumb\"},\"inLanguage\":\"en-US\",\"potentialAction\":[{\"@type\":\"ReadAction\",\"target\":[\"https:\/\/www.chateau-guetsch.ch\/en\/the-guetsch-funicular\/\"]}]},{\"@type\":\"BreadcrumbList\",\"@id\":\"https:\/\/www.chateau-guetsch.ch\/en\/the-guetsch-funicular\/#breadcrumb\",\"itemListElement\":[{\"@type\":\"ListItem\",\"position\":1,\"name\":\"Home\",\"item\":\"https:\/\/www.chateau-guetsch.ch\/en\/\"},{\"@type\":\"ListItem\",\"position\":2,\"name\":\"The G\u00fctsch Funicular\"}]},{\"@type\":\"WebSite\",\"@id\":\"https:\/\/www.chateau-guetsch.ch\/#website\",\"url\":\"https:\/\/www.chateau-guetsch.ch\/\",\"name\":\"Hotel Chateau G\u00fctsch\",\"description\":\"\",\"publisher\":{\"@id\":\"https:\/\/www.chateau-guetsch.ch\/#organization\"},\"potentialAction\":[{\"@type\":\"SearchAction\",\"target\":{\"@type\":\"EntryPoint\",\"urlTemplate\":\"https:\/\/www.chateau-guetsch.ch\/?s={search_term_string}\"},\"query-input\":{\"@type\":\"PropertyValueSpecification\",\"valueRequired\":true,\"valueName\":\"search_term_string\"}}],\"inLanguage\":\"en-US\"},{\"@type\":\"Organization\",\"@id\":\"https:\/\/www.chateau-guetsch.ch\/#organization\",\"name\":\"Chateau G\u00fctsch\",\"url\":\"https:\/\/www.chateau-guetsch.ch\/\",\"logo\":{\"@type\":\"ImageObject\",\"inLanguage\":\"en-US\",\"@id\":\"https:\/\/www.chateau-guetsch.ch\/#\/schema\/logo\/image\/\",\"url\":\"https:\/\/www.chateau-guetsch.ch\/wp-content\/uploads\/2021\/11\/Logo.png\",\"contentUrl\":\"https:\/\/www.chateau-guetsch.ch\/wp-content\/uploads\/2021\/11\/Logo.png\",\"width\":425,\"height\":207,\"caption\":\"Chateau G\u00fctsch\"},\"image\":{\"@id\":\"https:\/\/www.chateau-guetsch.ch\/#\/schema\/logo\/image\/\"},\"sameAs\":[\"https:\/\/www.facebook.com\/Chateau.Gutsch\",\"https:\/\/www.instagram.com\/chateau_gutsch\/\"]}]}<\/script>\n<!-- \/ Yoast SEO plugin. -->","yoast_head_json":{"title":"G\u00fctsch funicular - Hotel Ch\u00e2teau G\u00fctsch Lucerne","description":"In 1881, the G\u00fctsch Funicular was built to link the Schlosshotel G\u00fctsch with Lucerne and Lake Lucerne. Learn more.","robots":{"index":"index","follow":"follow","max-snippet":"max-snippet:-1","max-image-preview":"max-image-preview:large","max-video-preview":"max-video-preview:-1"},"canonical":"https:\/\/www.chateau-guetsch.ch\/en\/the-guetsch-funicular\/","og_locale":"en_US","og_type":"article","og_title":"G\u00fctsch funicular - Hotel Ch\u00e2teau G\u00fctsch Lucerne","og_description":"In 1881, the G\u00fctsch Funicular was built to link the Schlosshotel G\u00fctsch with Lucerne and Lake Lucerne. Learn more.","og_url":"https:\/\/www.chateau-guetsch.ch\/en\/the-guetsch-funicular\/","og_site_name":"Chateau G\u00fctsch","article_publisher":"https:\/\/www.facebook.com\/Chateau.Gutsch","article_modified_time":"2023-10-02T01:23:04+00:00","twitter_card":"summary_large_image","twitter_misc":{"Est. reading time":"1 minute"},"schema":{"@context":"https:\/\/schema.org","@graph":[{"@type":"WebPage","@id":"https:\/\/www.chateau-guetsch.ch\/en\/the-guetsch-funicular\/","url":"https:\/\/www.chateau-guetsch.ch\/en\/the-guetsch-funicular\/","name":"G\u00fctsch funicular - Hotel Ch\u00e2teau G\u00fctsch Lucerne","isPartOf":{"@id":"https:\/\/www.chateau-guetsch.ch\/#website"},"datePublished":"2021-12-03T10:25:21+00:00","dateModified":"2023-10-02T01:23:04+00:00","description":"In 1881, the G\u00fctsch Funicular was built to link the Schlosshotel G\u00fctsch with Lucerne and Lake Lucerne. Learn more.","breadcrumb":{"@id":"https:\/\/www.chateau-guetsch.ch\/en\/the-guetsch-funicular\/#breadcrumb"},"inLanguage":"en-US","potentialAction":[{"@type":"ReadAction","target":["https:\/\/www.chateau-guetsch.ch\/en\/the-guetsch-funicular\/"]}]},{"@type":"BreadcrumbList","@id":"https:\/\/www.chateau-guetsch.ch\/en\/the-guetsch-funicular\/#breadcrumb","itemListElement":[{"@type":"ListItem","position":1,"name":"Home","item":"https:\/\/www.chateau-guetsch.ch\/en\/"},{"@type":"ListItem","position":2,"name":"The G\u00fctsch Funicular"}]},{"@type":"WebSite","@id":"https:\/\/www.chateau-guetsch.ch\/#website","url":"https:\/\/www.chateau-guetsch.ch\/","name":"Hotel Chateau G\u00fctsch","description":"","publisher":{"@id":"https:\/\/www.chateau-guetsch.ch\/#organization"},"potentialAction":[{"@type":"SearchAction","target":{"@type":"EntryPoint","urlTemplate":"https:\/\/www.chateau-guetsch.ch\/?s={search_term_string}"},"query-input":{"@type":"PropertyValueSpecification","valueRequired":true,"valueName":"search_term_string"}}],"inLanguage":"en-US"},{"@type":"Organization","@id":"https:\/\/www.chateau-guetsch.ch\/#organization","name":"Chateau G\u00fctsch","url":"https:\/\/www.chateau-guetsch.ch\/","logo":{"@type":"ImageObject","inLanguage":"en-US","@id":"https:\/\/www.chateau-guetsch.ch\/#\/schema\/logo\/image\/","url":"https:\/\/www.chateau-guetsch.ch\/wp-content\/uploads\/2021\/11\/Logo.png","contentUrl":"https:\/\/www.chateau-guetsch.ch\/wp-content\/uploads\/2021\/11\/Logo.png","width":425,"height":207,"caption":"Chateau G\u00fctsch"},"image":{"@id":"https:\/\/www.chateau-guetsch.ch\/#\/schema\/logo\/image\/"},"sameAs":["https:\/\/www.facebook.com\/Chateau.Gutsch","https:\/\/www.instagram.com\/chateau_gutsch\/"]}]}},"_links":{"self":[{"href":"https:\/\/www.chateau-guetsch.ch\/en\/wp-json\/wp\/v2\/pages\/2624","targetHints":{"allow":["GET"]}}],"collection":[{"href":"https:\/\/www.chateau-guetsch.ch\/en\/wp-json\/wp\/v2\/pages"}],"about":[{"href":"https:\/\/www.chateau-guetsch.ch\/en\/wp-json\/wp\/v2\/types\/page"}],"author":[{"embeddable":true,"href":"https:\/\/www.chateau-guetsch.ch\/en\/wp-json\/wp\/v2\/users\/2"}],"replies":[{"embeddable":true,"href":"https:\/\/www.chateau-guetsch.ch\/en\/wp-json\/wp\/v2\/comments?post=2624"}],"version-history":[{"count":26,"href":"https:\/\/www.chateau-guetsch.ch\/en\/wp-json\/wp\/v2\/pages\/2624\/revisions"}],"predecessor-version":[{"id":6711,"href":"https:\/\/www.chateau-guetsch.ch\/en\/wp-json\/wp\/v2\/pages\/2624\/revisions\/6711"}],"wp:attachment":[{"href":"https:\/\/www.chateau-guetsch.ch\/en\/wp-json\/wp\/v2\/media?parent=2624"}],"curies":[{"name":"wp","href":"https:\/\/api.w.org\/{rel}","templated":true}]}}