{"id":2648,"date":"2021-12-03T15:35:57","date_gmt":"2021-12-03T14:35:57","guid":{"rendered":"https:\/\/www.chateau-guetsch.ch\/?page_id=2648"},"modified":"2025-03-11T10:30:23","modified_gmt":"2025-03-11T09:30:23","slug":"photo-gallery_old","status":"publish","type":"page","link":"https:\/\/www.chateau-guetsch.ch\/en\/photo-gallery_old\/","title":{"rendered":"Photo Gallery Old"},"content":{"rendered":"<p>[vc_row full_width=&#8221;stretch_row_content_no_spaces&#8221; el_class=&#8221;block-page-header&#8221; css=&#8221;.vc_custom_1741226092518{background-position: center !important;background-repeat: no-repeat !important;background-size: cover !important;}&#8221;][vc_column]<div id=\"home\" class=\"hero-slider hero-video__banner bg hero-slider--booking style4 hero-slider__small\" style=\"background-image:url(https:\/\/www.chateau-guetsch.ch\/wp-content\/uploads\/2022\/07\/Cha\u0302teau-Gu\u0308tsch_Nacht.jpg);\"><div class=\"hero-slider__items\"><div class=\"hero-slider__item\"><div id=\"bgndVideo\" class=\"player\" data-property=\"{videoURL:'',containment:'#home',autoPlay:true, showControls:true, showYTLogo: false, mute:true, startAt:0, opacity:1}\"><\/div><div class=\"hero-slider__wrap\"><div class=\"subtitle subtitle--slider\"><\/div><h2 class=\"title title--slider\">IMPRESSIONS<\/h2><\/div><\/div><!--end of item--><\/div><div class=\"hero-additional hero-date-picker-style2\"><div class=\"container\">\n<section class=\"booking-section c-booking-search-form\">\n\t<div class=\"booking-main\">\n\t\t<div id=\"c10\" class=\"frame frame-default frame-type-html frame-layout-0\">\n\n\t\t\t\t<div id=\"booking-engine\" class=\"booking-engine\" data-locale=\"en\"><\/div>\n\t\t<\/div>\n\t\t<!--\n\t\t\t<div class=\"booking-best-price\" data-target=\"#bestPrice\" data-toggle=\"modal\">\n\t\t\t\t<span class=\"h2\">\n\t\t\t\t\tBest-Preis Garantie\n\t\t\t\t<\/span>\n\t\t\t<\/div>\n\t\t-->\n    <\/div>\n<\/section>\n<\/div><\/div><\/div>[\/vc_column][\/vc_row][vc_row full_width=&#8221;stretch_row_content_no_spaces&#8221;][vc_column]<div  class=\"empty-space  marg-lg-b50 marg-xs-b25\"><\/div>[\/vc_column][\/vc_row][vc_row][vc_column width=&#8221;1\/6&#8243;][\/vc_column][vc_column width=&#8221;2\/3&#8243;]<div class=\"text-block \" ><div class=\"simple-text \"><h1 style=\"text-align: left;\">IMPRESSIONS OF HOTEL CH\u00c2TEAU G\u00dcTSCH<\/h1>\n<p>The Hotel Ch\u00e2teau G\u00fctsch and its surroundings have always been a popular photo subject. Let yourself be inspired by our impressions and look forward to your stay with us.<\/p>\n<\/div><\/div>[\/vc_column][vc_column width=&#8221;1\/6&#8243;][\/vc_column][\/vc_row][vc_row full_width=&#8221;stretch_row_content_no_spaces&#8221;][vc_column]<div  class=\"empty-space  marg-lg-b40 marg-xs-b50\"><\/div>[\/vc_column][\/vc_row][vc_row][vc_column width=&#8221;1\/2&#8243;]<img decoding=\"async\"  class=\"img-responsive  \" src=\"https:\/\/www.chateau-guetsch.ch\/wp-content\/uploads\/2025\/03\/Impressionen_01.jpg\" alt=\"\"><div  class=\"empty-space  marg-lg-b50\"><\/div>[\/vc_column][vc_column width=&#8221;1\/2&#8243;]<img decoding=\"async\"  class=\"img-responsive  \" src=\"https:\/\/www.chateau-guetsch.ch\/wp-content\/uploads\/2025\/03\/Impressionen_02.jpg\" alt=\"\"><div  class=\"empty-space  marg-lg-b50\"><\/div>[\/vc_column][\/vc_row][vc_row][vc_column width=&#8221;1\/2&#8243;]<img decoding=\"async\"  class=\"img-responsive  \" src=\"https:\/\/www.chateau-guetsch.ch\/wp-content\/uploads\/2025\/03\/Impressionen_03.jpg\" alt=\"\"><div  class=\"empty-space  marg-lg-b50\"><\/div>[\/vc_column][vc_column width=&#8221;1\/2&#8243;]<img decoding=\"async\"  class=\"img-responsive  \" src=\"https:\/\/www.chateau-guetsch.ch\/wp-content\/uploads\/2025\/03\/Impressionen_04.jpg\" alt=\"\"><div  class=\"empty-space  marg-lg-b50\"><\/div>[\/vc_column][\/vc_row][vc_row][vc_column width=&#8221;1\/2&#8243;]<img decoding=\"async\"  class=\"img-responsive  \" src=\"https:\/\/www.chateau-guetsch.ch\/wp-content\/uploads\/2025\/03\/Impressionen_05.jpg\" alt=\"\"><div  class=\"empty-space  marg-lg-b50\"><\/div>[\/vc_column][vc_column width=&#8221;1\/2&#8243;]<img decoding=\"async\"  class=\"img-responsive  \" src=\"https:\/\/www.chateau-guetsch.ch\/wp-content\/uploads\/2025\/03\/Impressionen_06.jpg\" alt=\"\"><div  class=\"empty-space  marg-lg-b50\"><\/div>[\/vc_column][\/vc_row][vc_row][vc_column width=&#8221;1\/2&#8243;]<img decoding=\"async\"  class=\"img-responsive  \" src=\"https:\/\/www.chateau-guetsch.ch\/wp-content\/uploads\/2025\/03\/Impressionen_10.jpg\" alt=\"\"><div  class=\"empty-space  marg-lg-b50\"><\/div>[\/vc_column][vc_column width=&#8221;1\/2&#8243;]<img decoding=\"async\"  class=\"img-responsive  \" src=\"https:\/\/www.chateau-guetsch.ch\/wp-content\/uploads\/2025\/03\/Impressionen_09.jpg\" alt=\"\"><div  class=\"empty-space  marg-lg-b50\"><\/div>[\/vc_column][\/vc_row][vc_row][vc_column width=&#8221;1\/2&#8243;]<img decoding=\"async\"  class=\"img-responsive  \" src=\"https:\/\/www.chateau-guetsch.ch\/wp-content\/uploads\/2022\/07\/Chauteau-Guetsch-09.jpg\" alt=\"\"><div  class=\"empty-space  marg-lg-b50\"><\/div>[\/vc_column][vc_column width=&#8221;1\/2&#8243;]<img decoding=\"async\"  class=\"img-responsive  \" src=\"https:\/\/www.chateau-guetsch.ch\/wp-content\/uploads\/2022\/07\/Chauteau-Guetsch-10.jpg\" alt=\"\"><div  class=\"empty-space  marg-lg-b50\"><\/div>[\/vc_column][\/vc_row][vc_row][vc_column]<img decoding=\"async\"  class=\"img-responsive  \" src=\"https:\/\/www.chateau-guetsch.ch\/wp-content\/uploads\/2025\/03\/CG_2305_PLM_Restaurant_Terrasse02.jpg\" alt=\"\"><div  class=\"empty-space  marg-lg-b50\"><\/div>[\/vc_column][\/vc_row][vc_row][vc_column width=&#8221;1\/2&#8243;]<img decoding=\"async\"  class=\"img-responsive  \" src=\"https:\/\/www.chateau-guetsch.ch\/wp-content\/uploads\/2025\/03\/Impressionen_07.jpg\" alt=\"\"><div  class=\"empty-space  marg-lg-b50\"><\/div>[\/vc_column][vc_column width=&#8221;1\/2&#8243;]<img decoding=\"async\"  class=\"img-responsive  \" src=\"https:\/\/www.chateau-guetsch.ch\/wp-content\/uploads\/2025\/03\/Impressionen_08.jpg\" alt=\"\"><div  class=\"empty-space  marg-lg-b50\"><\/div>[\/vc_column][\/vc_row][vc_row][vc_column width=&#8221;1\/2&#8243;]<img decoding=\"async\"  class=\"img-responsive  \" src=\"https:\/\/www.chateau-guetsch.ch\/wp-content\/uploads\/2025\/03\/Impressionen_11.jpg\" alt=\"\"><div  class=\"empty-space  marg-lg-b50\"><\/div>[\/vc_column][vc_column width=&#8221;1\/2&#8243;]<img decoding=\"async\"  class=\"img-responsive  \" src=\"https:\/\/www.chateau-guetsch.ch\/wp-content\/uploads\/2022\/07\/Chauteau-Guetsch-14.jpg\" alt=\"\"><div  class=\"empty-space  marg-lg-b50\"><\/div>[\/vc_column][\/vc_row][vc_row][vc_column width=&#8221;1\/2&#8243;]<img decoding=\"async\"  class=\"img-responsive  \" src=\"https:\/\/www.chateau-guetsch.ch\/wp-content\/uploads\/2022\/07\/Chauteau-Guetsch-15.jpg\" alt=\"\"><div  class=\"empty-space  marg-lg-b50\"><\/div>[\/vc_column][vc_column width=&#8221;1\/2&#8243;]<img decoding=\"async\"  class=\"img-responsive  \" src=\"https:\/\/www.chateau-guetsch.ch\/wp-content\/uploads\/2025\/03\/Impressionen_14.jpg\" alt=\"\"><div  class=\"empty-space  marg-lg-b50\"><\/div>[\/vc_column][\/vc_row][vc_row][vc_column width=&#8221;1\/2&#8243;]<img decoding=\"async\"  class=\"img-responsive  \" src=\"https:\/\/www.chateau-guetsch.ch\/wp-content\/uploads\/2022\/07\/Chauteau-Guetsch-17.jpg\" alt=\"\"><div  class=\"empty-space  marg-lg-b50\"><\/div>[\/vc_column][vc_column width=&#8221;1\/2&#8243;]<img decoding=\"async\"  class=\"img-responsive  \" src=\"https:\/\/www.chateau-guetsch.ch\/wp-content\/uploads\/2025\/03\/Impressionen_16.jpg\" alt=\"\"><div  class=\"empty-space  marg-lg-b50\"><\/div>[\/vc_column][\/vc_row][vc_row][vc_column width=&#8221;1\/2&#8243;]<img decoding=\"async\"  class=\"img-responsive  \" src=\"https:\/\/www.chateau-guetsch.ch\/wp-content\/uploads\/2025\/03\/Chatea_Guetsch_Turner_005_ohne_lowres-1-1279x826-1.jpg\" alt=\"\"><div  class=\"empty-space  marg-lg-b50\"><\/div>[\/vc_column][vc_column width=&#8221;1\/2&#8243;]<img decoding=\"async\"  class=\"img-responsive  \" src=\"https:\/\/www.chateau-guetsch.ch\/wp-content\/uploads\/2025\/03\/Impressionen_17.jpg\" alt=\"\"><div  class=\"empty-space  marg-lg-b50\"><\/div>[\/vc_column][\/vc_row][vc_row][vc_column width=&#8221;1\/2&#8243;]<img decoding=\"async\"  class=\"img-responsive  \" src=\"https:\/\/www.chateau-guetsch.ch\/wp-content\/uploads\/2025\/03\/Impressionen_18.jpg\" alt=\"\"><div  class=\"empty-space  marg-lg-b50\"><\/div>[\/vc_column][vc_column width=&#8221;1\/2&#8243;]<img decoding=\"async\"  class=\"img-responsive  \" src=\"https:\/\/www.chateau-guetsch.ch\/wp-content\/uploads\/2025\/03\/Impressionen_19.jpg\" alt=\"\"><div  class=\"empty-space  marg-lg-b50\"><\/div>[\/vc_column][\/vc_row][vc_row][vc_column width=&#8221;1\/2&#8243;]<img decoding=\"async\"  class=\"img-responsive  \" src=\"https:\/\/www.chateau-guetsch.ch\/wp-content\/uploads\/2025\/03\/Impressionen_20.jpg\" alt=\"\"><div  class=\"empty-space  marg-lg-b50\"><\/div>[\/vc_column][vc_column width=&#8221;1\/2&#8243;]<img decoding=\"async\"  class=\"img-responsive  \" src=\"https:\/\/www.chateau-guetsch.ch\/wp-content\/uploads\/2025\/03\/Impressionen_21.jpg\" alt=\"\"><div  class=\"empty-space  marg-lg-b50\"><\/div>[\/vc_column][\/vc_row][vc_row][vc_column]<img decoding=\"async\"  class=\"img-responsive  \" src=\"https:\/\/www.chateau-guetsch.ch\/wp-content\/uploads\/2025\/03\/Impressionen_22_quer.jpg\" alt=\"\"><div  class=\"empty-space  marg-lg-b50\"><\/div>[\/vc_column][\/vc_row][vc_row][vc_column width=&#8221;1\/2&#8243;]<img decoding=\"async\"  class=\"img-responsive  \" src=\"https:\/\/www.chateau-guetsch.ch\/wp-content\/uploads\/2025\/03\/Impressionen_23.jpg\" alt=\"\"><div  class=\"empty-space  marg-lg-b50\"><\/div>[\/vc_column][vc_column width=&#8221;1\/2&#8243;]<img decoding=\"async\"  class=\"img-responsive  \" src=\"https:\/\/www.chateau-guetsch.ch\/wp-content\/uploads\/2025\/03\/Impressionen_24.jpg\" alt=\"\"><div  class=\"empty-space  marg-lg-b50\"><\/div>[\/vc_column][\/vc_row][vc_row][vc_column]<img decoding=\"async\"  class=\"img-responsive  \" src=\"https:\/\/www.chateau-guetsch.ch\/wp-content\/uploads\/2025\/03\/Impressionen_25_quer.jpg\" alt=\"\"><div  class=\"empty-space  marg-lg-b50\"><\/div>[\/vc_column][\/vc_row][vc_row full_width=&#8221;stretch_row_content_no_spaces&#8221;][vc_column]<div  class=\"empty-space  marg-lg-b50\"><\/div><div  class=\"jumbotron has-overlay jumbotron--lg\"  data-image=\"https:\/\/www.chateau-guetsch.ch\/wp-content\/uploads\/2022\/07\/Chauteau-Guetsch-21.jpg\"><div class=\"row\"><div class=\"col-md-12 jumbotron-text__content\"><div class=\"spacing\" style=\"height: 30px\"><\/div><div class=\"subtitle subtitle--lg\"><\/div><div class=\"title title--lg\"><\/div><\/div><\/div><\/div>[\/vc_column][\/vc_row]<\/p>\n","protected":false},"excerpt":{"rendered":"<p>[vc_row full_width=&#8221;stretch_row_content_no_spaces&#8221; el_class=&#8221;block-page-header&#8221; css=&#8221;.vc_custom_1741226092518{background-position: center !important;background-repeat: no-repeat !important;background-size: cover !important;}&#8221;][vc_column][\/vc_column][\/vc_row][vc_row full_width=&#8221;stretch_row_content_no_spaces&#8221;][vc_column][\/vc_column][\/vc_row][vc_row][vc_column width=&#8221;1\/6&#8243;][\/vc_column][vc_column width=&#8221;2\/3&#8243;][\/vc_column][vc_column width=&#8221;1\/6&#8243;][\/vc_column][\/vc_row][vc_row full_width=&#8221;stretch_row_content_no_spaces&#8221;][vc_column][\/vc_column][\/vc_row][vc_row][vc_column width=&#8221;1\/2&#8243;][\/vc_column][vc_column width=&#8221;1\/2&#8243;][\/vc_column][\/vc_row][vc_row][vc_column width=&#8221;1\/2&#8243;][\/vc_column][vc_column width=&#8221;1\/2&#8243;][\/vc_column][\/vc_row][vc_row][vc_column width=&#8221;1\/2&#8243;][\/vc_column][vc_column width=&#8221;1\/2&#8243;][\/vc_column][\/vc_row][vc_row][vc_column width=&#8221;1\/2&#8243;][\/vc_column][vc_column width=&#8221;1\/2&#8243;][\/vc_column][\/vc_row][vc_row][vc_column width=&#8221;1\/2&#8243;][\/vc_column][vc_column width=&#8221;1\/2&#8243;][\/vc_column][\/vc_row][vc_row][vc_column][\/vc_column][\/vc_row][vc_row][vc_column width=&#8221;1\/2&#8243;][\/vc_column][vc_column width=&#8221;1\/2&#8243;][\/vc_column][\/vc_row][vc_row][vc_column width=&#8221;1\/2&#8243;][\/vc_column][vc_column width=&#8221;1\/2&#8243;][\/vc_column][\/vc_row][vc_row][vc_column width=&#8221;1\/2&#8243;][\/vc_column][vc_column width=&#8221;1\/2&#8243;][\/vc_column][\/vc_row][vc_row][vc_column width=&#8221;1\/2&#8243;][\/vc_column][vc_column width=&#8221;1\/2&#8243;][\/vc_column][\/vc_row][vc_row][vc_column width=&#8221;1\/2&#8243;][\/vc_column][vc_column width=&#8221;1\/2&#8243;][\/vc_column][\/vc_row][vc_row][vc_column width=&#8221;1\/2&#8243;][\/vc_column][vc_column width=&#8221;1\/2&#8243;][\/vc_column][\/vc_row][vc_row][vc_column width=&#8221;1\/2&#8243;][\/vc_column][vc_column width=&#8221;1\/2&#8243;][\/vc_column][\/vc_row][vc_row][vc_column][\/vc_column][\/vc_row][vc_row][vc_column width=&#8221;1\/2&#8243;][\/vc_column][vc_column width=&#8221;1\/2&#8243;][\/vc_column][\/vc_row][vc_row][vc_column][\/vc_column][\/vc_row][vc_row full_width=&#8221;stretch_row_content_no_spaces&#8221;][vc_column][\/vc_column][\/vc_row]<\/p>\n","protected":false},"author":2,"featured_media":0,"parent":0,"menu_order":0,"comment_status":"closed","ping_status":"closed","template":"","meta":{"_acf_changed":false,"footnotes":""},"class_list":["post-2648","page","type-page","status-publish","hentry"],"acf":[],"yoast_head":"<!-- This site is optimized with the Yoast SEO plugin v24.1 - https:\/\/yoast.com\/wordpress\/plugins\/seo\/ -->\n<title>Photos &amp; Pictures- Hotel Ch\u00e2teau G\u00fctsch Lucerne<\/title>\n<meta name=\"description\" content=\"The Hotel Ch\u00e2teau G\u00fctsch and its surroundings have always been a popular photo subject. Let yourself be inspired by our impressions.\" \/>\n<meta name=\"robots\" content=\"index, follow, max-snippet:-1, max-image-preview:large, max-video-preview:-1\" \/>\n<link rel=\"canonical\" href=\"https:\/\/www.chateau-guetsch.ch\/en\/photo-gallery_old\/\" \/>\n<meta property=\"og:locale\" content=\"en_US\" \/>\n<meta property=\"og:type\" content=\"article\" \/>\n<meta property=\"og:title\" content=\"Photos &amp; Pictures- Hotel Ch\u00e2teau G\u00fctsch Lucerne\" \/>\n<meta property=\"og:description\" content=\"The Hotel Ch\u00e2teau G\u00fctsch and its surroundings have always been a popular photo subject. Let yourself be inspired by our impressions.\" \/>\n<meta property=\"og:url\" content=\"https:\/\/www.chateau-guetsch.ch\/en\/photo-gallery_old\/\" \/>\n<meta property=\"og:site_name\" content=\"Chateau G\u00fctsch\" \/>\n<meta property=\"article:modified_time\" content=\"2025-03-11T09:30:23+00:00\" \/>\n<meta name=\"twitter:card\" content=\"summary_large_image\" \/>\n<meta name=\"twitter:label1\" content=\"Est. reading time\" \/>\n\t<meta name=\"twitter:data1\" content=\"1 minute\" \/>\n<script type=\"application\/ld+json\" class=\"yoast-schema-graph\">{\"@context\":\"https:\/\/schema.org\",\"@graph\":[{\"@type\":\"WebPage\",\"@id\":\"https:\/\/www.chateau-guetsch.ch\/en\/photo-gallery_old\/\",\"url\":\"https:\/\/www.chateau-guetsch.ch\/en\/photo-gallery_old\/\",\"name\":\"Photos & Pictures- Hotel Ch\u00e2teau G\u00fctsch Lucerne\",\"isPartOf\":{\"@id\":\"https:\/\/www.chateau-guetsch.ch\/#website\"},\"datePublished\":\"2021-12-03T14:35:57+00:00\",\"dateModified\":\"2025-03-11T09:30:23+00:00\",\"description\":\"The Hotel Ch\u00e2teau G\u00fctsch and its surroundings have always been a popular photo subject. Let yourself be inspired by our impressions.\",\"breadcrumb\":{\"@id\":\"https:\/\/www.chateau-guetsch.ch\/en\/photo-gallery_old\/#breadcrumb\"},\"inLanguage\":\"en-US\",\"potentialAction\":[{\"@type\":\"ReadAction\",\"target\":[\"https:\/\/www.chateau-guetsch.ch\/en\/photo-gallery_old\/\"]}]},{\"@type\":\"BreadcrumbList\",\"@id\":\"https:\/\/www.chateau-guetsch.ch\/en\/photo-gallery_old\/#breadcrumb\",\"itemListElement\":[{\"@type\":\"ListItem\",\"position\":1,\"name\":\"Home\",\"item\":\"https:\/\/www.chateau-guetsch.ch\/en\/\"},{\"@type\":\"ListItem\",\"position\":2,\"name\":\"Photo Gallery Old\"}]},{\"@type\":\"WebSite\",\"@id\":\"https:\/\/www.chateau-guetsch.ch\/#website\",\"url\":\"https:\/\/www.chateau-guetsch.ch\/\",\"name\":\"Gut\",\"description\":\"\",\"potentialAction\":[{\"@type\":\"SearchAction\",\"target\":{\"@type\":\"EntryPoint\",\"urlTemplate\":\"https:\/\/www.chateau-guetsch.ch\/?s={search_term_string}\"},\"query-input\":{\"@type\":\"PropertyValueSpecification\",\"valueRequired\":true,\"valueName\":\"search_term_string\"}}],\"inLanguage\":\"en-US\"}]}<\/script>\n<!-- \/ Yoast SEO plugin. -->","yoast_head_json":{"title":"Photos & Pictures- Hotel Ch\u00e2teau G\u00fctsch Lucerne","description":"The Hotel Ch\u00e2teau G\u00fctsch and its surroundings have always been a popular photo subject. Let yourself be inspired by our impressions.","robots":{"index":"index","follow":"follow","max-snippet":"max-snippet:-1","max-image-preview":"max-image-preview:large","max-video-preview":"max-video-preview:-1"},"canonical":"https:\/\/www.chateau-guetsch.ch\/en\/photo-gallery_old\/","og_locale":"en_US","og_type":"article","og_title":"Photos & Pictures- Hotel Ch\u00e2teau G\u00fctsch Lucerne","og_description":"The Hotel Ch\u00e2teau G\u00fctsch and its surroundings have always been a popular photo subject. Let yourself be inspired by our impressions.","og_url":"https:\/\/www.chateau-guetsch.ch\/en\/photo-gallery_old\/","og_site_name":"Chateau G\u00fctsch","article_modified_time":"2025-03-11T09:30:23+00:00","twitter_card":"summary_large_image","twitter_misc":{"Est. reading time":"1 minute"},"schema":{"@context":"https:\/\/schema.org","@graph":[{"@type":"WebPage","@id":"https:\/\/www.chateau-guetsch.ch\/en\/photo-gallery_old\/","url":"https:\/\/www.chateau-guetsch.ch\/en\/photo-gallery_old\/","name":"Photos & Pictures- Hotel Ch\u00e2teau G\u00fctsch Lucerne","isPartOf":{"@id":"https:\/\/www.chateau-guetsch.ch\/#website"},"datePublished":"2021-12-03T14:35:57+00:00","dateModified":"2025-03-11T09:30:23+00:00","description":"The Hotel Ch\u00e2teau G\u00fctsch and its surroundings have always been a popular photo subject. Let yourself be inspired by our impressions.","breadcrumb":{"@id":"https:\/\/www.chateau-guetsch.ch\/en\/photo-gallery_old\/#breadcrumb"},"inLanguage":"en-US","potentialAction":[{"@type":"ReadAction","target":["https:\/\/www.chateau-guetsch.ch\/en\/photo-gallery_old\/"]}]},{"@type":"BreadcrumbList","@id":"https:\/\/www.chateau-guetsch.ch\/en\/photo-gallery_old\/#breadcrumb","itemListElement":[{"@type":"ListItem","position":1,"name":"Home","item":"https:\/\/www.chateau-guetsch.ch\/en\/"},{"@type":"ListItem","position":2,"name":"Photo Gallery Old"}]},{"@type":"WebSite","@id":"https:\/\/www.chateau-guetsch.ch\/#website","url":"https:\/\/www.chateau-guetsch.ch\/","name":"Gut","description":"","potentialAction":[{"@type":"SearchAction","target":{"@type":"EntryPoint","urlTemplate":"https:\/\/www.chateau-guetsch.ch\/?s={search_term_string}"},"query-input":{"@type":"PropertyValueSpecification","valueRequired":true,"valueName":"search_term_string"}}],"inLanguage":"en-US"}]}},"_links":{"self":[{"href":"https:\/\/www.chateau-guetsch.ch\/en\/wp-json\/wp\/v2\/pages\/2648","targetHints":{"allow":["GET"]}}],"collection":[{"href":"https:\/\/www.chateau-guetsch.ch\/en\/wp-json\/wp\/v2\/pages"}],"about":[{"href":"https:\/\/www.chateau-guetsch.ch\/en\/wp-json\/wp\/v2\/types\/page"}],"author":[{"embeddable":true,"href":"https:\/\/www.chateau-guetsch.ch\/en\/wp-json\/wp\/v2\/users\/2"}],"replies":[{"embeddable":true,"href":"https:\/\/www.chateau-guetsch.ch\/en\/wp-json\/wp\/v2\/comments?post=2648"}],"version-history":[{"count":7,"href":"https:\/\/www.chateau-guetsch.ch\/en\/wp-json\/wp\/v2\/pages\/2648\/revisions"}],"predecessor-version":[{"id":13288,"href":"https:\/\/www.chateau-guetsch.ch\/en\/wp-json\/wp\/v2\/pages\/2648\/revisions\/13288"}],"wp:attachment":[{"href":"https:\/\/www.chateau-guetsch.ch\/en\/wp-json\/wp\/v2\/media?parent=2648"}],"curies":[{"name":"wp","href":"https:\/\/api.w.org\/{rel}","templated":true}]}}