{"id":6144,"date":"2022-07-22T16:01:19","date_gmt":"2022-07-22T14:01:19","guid":{"rendered":"https:\/\/www.chateau-guetsch.ch\/?page_id=6144"},"modified":"2026-05-01T09:19:02","modified_gmt":"2026-05-01T07:19:02","slug":"guetschevents","status":"publish","type":"page","link":"https:\/\/www.chateau-guetsch.ch\/en\/guetschevents\/","title":{"rendered":"G\u00fctsch Events"},"content":{"rendered":"<p>[vc_row full_width=&#8221;stretch_row_content_no_spaces&#8221;][vc_column]<div id=\"home\" class=\"hero-slider hero-video__banner bg hero-slider--booking style4 hero-slider__small\" style=\"background-image:url(https:\/\/www.chateau-guetsch.ch\/wp-content\/uploads\/2022\/11\/CHateau_Current_Events.jpg);\"><div class=\"hero-slider__items\"><div class=\"hero-slider__item\"><div id=\"bgndVideo\" class=\"player\" data-property=\"{videoURL:'',containment:'#home',autoPlay:true, showControls:true, showYTLogo: false, mute:true, startAt:0, opacity:1}\"><\/div><div class=\"hero-slider__wrap\"><div class=\"subtitle subtitle--slider\"><\/div><h2 class=\"title title--slider\">CURRENT EVENTS<\/h2><\/div><\/div><!--end of item--><\/div><div class=\"hero-additional hero-date-picker-style2\"><div class=\"container\">\n<section class=\"booking-section c-booking-search-form\">\n\t<div class=\"booking-main\">\n\t\t<div id=\"c10\" class=\"frame frame-default frame-type-html frame-layout-0\">\n\n\t\t\t\t<div id=\"booking-engine\" class=\"booking-engine\" data-locale=\"en\"><\/div>\n\t\t<\/div>\n\t\t<!--\n\t\t\t<div class=\"booking-best-price\" data-target=\"#bestPrice\" data-toggle=\"modal\">\n\t\t\t\t<span class=\"h2\">\n\t\t\t\t\tBest-Preis Garantie\n\t\t\t\t<\/span>\n\t\t\t<\/div>\n\t\t-->\n    <\/div>\n<\/section>\n<\/div><\/div><\/div><div  class=\"empty-space  marg-lg-b50 marg-xs-b25\"><\/div>[\/vc_column][\/vc_row][vc_row][vc_column width=&#8221;1\/6&#8243;][\/vc_column][vc_column width=&#8221;2\/3&#8243;]<div class=\"text-block \" ><div class=\"simple-text \"><h1>G\u00dcTSCH EVENTS<\/h1>\n<p class=\"lead\">Here you will find our current events.<\/p>\n<\/div><\/div><div  class=\"empty-space  marg-lg-b50 marg-xs-b25\"><\/div>[\/vc_column][vc_column width=&#8221;1\/6&#8243;][\/vc_column][\/vc_row][vc_row][vc_column]<div  class=\"empty-space  marg-lg-b50 marg-xs-b25\"><\/div><div  class=\"hb-text-block__wrapper text-alignment--left style2\"><div class=\"row\"><div class=\"col-md-6\"><div class=\"hb-text_block_content\"><div class=\"hb-text-block___inner_wrapper text-right\"><h2 class=\"featured-rooms-slider__title title-color-black\">Mother\u2019s Day at Ch\u00e2teau G\u00fctsch<\/h2><div class=\"featured-rooms-slider__text content-color-grey\"><p data-start=\"0\" data-end=\"278\">We wish you a peaceful and enjoyable Easter season. Spend the holidays in a relaxed atmosphere and let yourself be pampered by our team \u2013 whether with a festive meal, a cozy coffee on the terrace, or a stroll through the spring garden.<\/p>\n<p data-start=\"280\" data-end=\"432\" data-is-last-node=\"\" data-is-only-node=\"\">Enjoy the first warm days of spring, the blooming flowers, and special moments with your loved ones. We look forward to welcoming you at Ch\u00e2teau G\u00fctsch.<\/p>\n<\/div><a class=\"btn btn--md btn--normal\" href=\"#\" title=\"Easter\" target=\"_self\">Discover<\/a><\/div><\/div><\/div><div class=\"col-md-6\"><div class=\"hb-image__block\"><img decoding=\"async\" src=\"https:\/\/www.chateau-guetsch.ch\/wp-content\/uploads\/2026\/04\/Restauarant-1.jpg\" alt=\"\" \/><\/div><\/div><\/div><\/div><div  class=\"hb-text-block__wrapper text-alignment--left  style1\"><div class=\"row\"><div class=\"col-md-6\"><div class=\"hb-image__block\"><img decoding=\"async\" src=\"https:\/\/www.chateau-guetsch.ch\/wp-content\/uploads\/2025\/07\/CG_Daydance_Rakete_DSC0163.jpg\" alt=\"\" \/><\/div><\/div><div class=\"col-md-6\"><div class=\"hb-text_block_content\"><div class=\"hb-text-block___inner_wrapper\"><h2 class=\"featured-rooms-slider__title title-color-black\">DAYDANCE - TICKETS &amp; ROOMS<\/h2><div class=\"featured-rooms-slider__text content-color-grey\"><p data-start=\"0\" data-end=\"334\"><strong>DAYDANCE \u2013 TICKETS &amp; ROOMS<\/strong><br data-start=\"26\" data-end=\"29\" \/>The Daydance party will take place on Saturday, May 9, 2026, from 1:00 PM to 11:00 PM in the courtyard of Hotel Ch\u00e2teau G\u00fctsch and in the castle park.<br data-start=\"179\" data-end=\"182\" \/>Admission to the event is 21+ and only permitted with a valid ticket. Hotel rooms including tickets can be booked directly through Hotel Ch\u00e2teau G\u00fctsch.<\/p>\n<p data-start=\"336\" data-end=\"371\">Tickets from CHF 32 via Eventfrog<\/p>\n<p data-start=\"373\" data-end=\"386\"><a href=\"https:\/\/eventfrog.ch\/de\/p\/partys\/house-techno\/rakete-und-kiosk-im-schloss-7426947333647004829.html\">Book tickets!<\/a><\/p>\n<p data-start=\"388\" data-end=\"448\">Hotel room for two people including 2 tickets from CHF 330<\/p>\n<p data-start=\"450\" data-end=\"466\" data-is-last-node=\"\" data-is-only-node=\"\"><a href=\"https:\/\/be.synxis.com\/?adult=2&amp;arrive=2026-05-09&amp;chain=10237&amp;child=0&amp;currency=CHF&amp;depart=2026-05-10&amp;hotel=48542&amp;level=hotel&amp;locale=en-US&amp;productcurrency=CHF&amp;rooms=1\">Book hotel room!<\/a><\/p>\n<\/div><a class=\"btn btn--md btn--normal\" href=\"https:\/\/www.chateau-guetsch.ch\/daydance-2\/\" title=\"button\" target=\"_self\">Discover<\/a><\/div><\/div><\/div><\/div><\/div><div  class=\"empty-space  marg-lg-b50 marg-xs-b25\"><\/div><div  class=\"hb-text-block__wrapper text-alignment--left style2\"><div class=\"row\"><div class=\"col-md-6\"><div class=\"hb-text_block_content\"><div class=\"hb-text-block___inner_wrapper text-right\"><h2 class=\"featured-rooms-slider__title title-color-black\">Yoga with Heart \u2013 A Mindful Retreat with Irene Christen<\/h2><div class=\"featured-rooms-slider__text content-color-grey\"><p data-start=\"115\" data-end=\"220\">We are delighted to invite our guests to join our complimentary yoga sessions every Tuesday and Thursday.<\/p>\n<p data-start=\"222\" data-end=\"417\">The classes begin at 8:15 am and last approximately one hour. Registration is available at the front desk, where our team will also be happy to inform you about the exact location of the session.<\/p>\n<\/div><\/div><\/div><\/div><div class=\"col-md-6\"><div class=\"hb-image__block\"><img decoding=\"async\" src=\"https:\/\/www.chateau-guetsch.ch\/wp-content\/uploads\/2026\/04\/YOGA_page-0001.jpg\" alt=\"\" \/><\/div><\/div><\/div><\/div><div  class=\"empty-space  marg-lg-b50 marg-xs-b25\"><\/div>[\/vc_column][\/vc_row][vc_row][vc_column]<div  class=\"empty-space  marg-lg-b50\"><\/div>[\/vc_column][\/vc_row][vc_row full_width=&#8221;stretch_row_content_no_spaces&#8221;][vc_column]<div  class=\"jumbotron jumbotron--lg\"  data-image=\"https:\/\/www.chateau-guetsch.ch\/wp-content\/uploads\/2022\/03\/Hotel_CHateau_Guetsch_Suite_Terrasse_People.jpg\"><div class=\"row\"><div class=\"col-md-12 jumbotron-text__content\"><div class=\"spacing\" style=\"height: 30px\"><\/div><div class=\"subtitle subtitle--lg\"><\/div><div class=\"title title--lg\"><\/div><\/div><\/div><\/div>[\/vc_column][\/vc_row]<\/p>\n","protected":false},"excerpt":{"rendered":"<p>[vc_row full_width=&#8221;stretch_row_content_no_spaces&#8221;][vc_column][\/vc_column][\/vc_row][vc_row][vc_column width=&#8221;1\/6&#8243;][\/vc_column][vc_column width=&#8221;2\/3&#8243;][\/vc_column][vc_column width=&#8221;1\/6&#8243;][\/vc_column][\/vc_row][vc_row][vc_column][\/vc_column][\/vc_row][vc_row][vc_column][\/vc_column][\/vc_row][vc_row full_width=&#8221;stretch_row_content_no_spaces&#8221;][vc_column][\/vc_column][\/vc_row]<\/p>\n","protected":false},"author":5,"featured_media":0,"parent":0,"menu_order":0,"comment_status":"closed","ping_status":"closed","template":"","meta":{"_acf_changed":false,"footnotes":""},"class_list":["post-6144","page","type-page","status-publish","hentry"],"acf":[],"yoast_head":"<!-- This site is optimized with the Yoast SEO plugin v24.1 - https:\/\/yoast.com\/wordpress\/plugins\/seo\/ -->\n<title>Jazz &amp; Classical Music Events - Hotel Ch\u00e2teau G\u00fctsch Lucerne<\/title>\n<meta name=\"description\" content=\"Here you will find information about our current events at the G\u00fctsch-Areal. From jazz to classical to electronic music.\" \/>\n<meta name=\"robots\" content=\"index, follow, max-snippet:-1, max-image-preview:large, max-video-preview:-1\" \/>\n<link rel=\"canonical\" href=\"https:\/\/www.chateau-guetsch.ch\/en\/guetschevents\/\" \/>\n<meta property=\"og:locale\" content=\"en_US\" \/>\n<meta property=\"og:type\" content=\"article\" \/>\n<meta property=\"og:title\" content=\"Jazz &amp; Classical Music Events - Hotel Ch\u00e2teau G\u00fctsch Lucerne\" \/>\n<meta property=\"og:description\" content=\"Here you will find information about our current events at the G\u00fctsch-Areal. From jazz to classical to electronic music.\" \/>\n<meta property=\"og:url\" content=\"https:\/\/www.chateau-guetsch.ch\/en\/guetschevents\/\" \/>\n<meta property=\"og:site_name\" content=\"Chateau G\u00fctsch\" \/>\n<meta property=\"article:publisher\" content=\"https:\/\/www.facebook.com\/Chateau.Gutsch\" \/>\n<meta property=\"article:modified_time\" content=\"2026-05-01T07:19:02+00:00\" \/>\n<meta name=\"twitter:card\" content=\"summary_large_image\" \/>\n<meta name=\"twitter:label1\" content=\"Est. reading time\" \/>\n\t<meta name=\"twitter:data1\" content=\"2 minutes\" \/>\n<script type=\"application\/ld+json\" class=\"yoast-schema-graph\">{\"@context\":\"https:\/\/schema.org\",\"@graph\":[{\"@type\":\"WebPage\",\"@id\":\"https:\/\/www.chateau-guetsch.ch\/en\/guetschevents\/\",\"url\":\"https:\/\/www.chateau-guetsch.ch\/en\/guetschevents\/\",\"name\":\"Jazz & Classical Music Events - Hotel Ch\u00e2teau G\u00fctsch Lucerne\",\"isPartOf\":{\"@id\":\"https:\/\/www.chateau-guetsch.ch\/#website\"},\"datePublished\":\"2022-07-22T14:01:19+00:00\",\"dateModified\":\"2026-05-01T07:19:02+00:00\",\"description\":\"Here you will find information about our current events at the G\u00fctsch-Areal. From jazz to classical to electronic music.\",\"breadcrumb\":{\"@id\":\"https:\/\/www.chateau-guetsch.ch\/en\/guetschevents\/#breadcrumb\"},\"inLanguage\":\"en-US\",\"potentialAction\":[{\"@type\":\"ReadAction\",\"target\":[\"https:\/\/www.chateau-guetsch.ch\/en\/guetschevents\/\"]}]},{\"@type\":\"BreadcrumbList\",\"@id\":\"https:\/\/www.chateau-guetsch.ch\/en\/guetschevents\/#breadcrumb\",\"itemListElement\":[{\"@type\":\"ListItem\",\"position\":1,\"name\":\"Home\",\"item\":\"https:\/\/www.chateau-guetsch.ch\/en\/\"},{\"@type\":\"ListItem\",\"position\":2,\"name\":\"G\u00fctsch Events\"}]},{\"@type\":\"WebSite\",\"@id\":\"https:\/\/www.chateau-guetsch.ch\/#website\",\"url\":\"https:\/\/www.chateau-guetsch.ch\/\",\"name\":\"Hotel Chateau G\u00fctsch\",\"description\":\"\",\"publisher\":{\"@id\":\"https:\/\/www.chateau-guetsch.ch\/#organization\"},\"potentialAction\":[{\"@type\":\"SearchAction\",\"target\":{\"@type\":\"EntryPoint\",\"urlTemplate\":\"https:\/\/www.chateau-guetsch.ch\/?s={search_term_string}\"},\"query-input\":{\"@type\":\"PropertyValueSpecification\",\"valueRequired\":true,\"valueName\":\"search_term_string\"}}],\"inLanguage\":\"en-US\"},{\"@type\":\"Organization\",\"@id\":\"https:\/\/www.chateau-guetsch.ch\/#organization\",\"name\":\"Chateau G\u00fctsch\",\"url\":\"https:\/\/www.chateau-guetsch.ch\/\",\"logo\":{\"@type\":\"ImageObject\",\"inLanguage\":\"en-US\",\"@id\":\"https:\/\/www.chateau-guetsch.ch\/#\/schema\/logo\/image\/\",\"url\":\"https:\/\/www.chateau-guetsch.ch\/wp-content\/uploads\/2021\/11\/Logo.png\",\"contentUrl\":\"https:\/\/www.chateau-guetsch.ch\/wp-content\/uploads\/2021\/11\/Logo.png\",\"width\":425,\"height\":207,\"caption\":\"Chateau G\u00fctsch\"},\"image\":{\"@id\":\"https:\/\/www.chateau-guetsch.ch\/#\/schema\/logo\/image\/\"},\"sameAs\":[\"https:\/\/www.facebook.com\/Chateau.Gutsch\",\"https:\/\/www.instagram.com\/chateau_gutsch\/\"]}]}<\/script>\n<!-- \/ Yoast SEO plugin. -->","yoast_head_json":{"title":"Jazz & Classical Music Events - Hotel Ch\u00e2teau G\u00fctsch Lucerne","description":"Here you will find information about our current events at the G\u00fctsch-Areal. From jazz to classical to electronic music.","robots":{"index":"index","follow":"follow","max-snippet":"max-snippet:-1","max-image-preview":"max-image-preview:large","max-video-preview":"max-video-preview:-1"},"canonical":"https:\/\/www.chateau-guetsch.ch\/en\/guetschevents\/","og_locale":"en_US","og_type":"article","og_title":"Jazz & Classical Music Events - Hotel Ch\u00e2teau G\u00fctsch Lucerne","og_description":"Here you will find information about our current events at the G\u00fctsch-Areal. From jazz to classical to electronic music.","og_url":"https:\/\/www.chateau-guetsch.ch\/en\/guetschevents\/","og_site_name":"Chateau G\u00fctsch","article_publisher":"https:\/\/www.facebook.com\/Chateau.Gutsch","article_modified_time":"2026-05-01T07:19:02+00:00","twitter_card":"summary_large_image","twitter_misc":{"Est. reading time":"2 minutes"},"schema":{"@context":"https:\/\/schema.org","@graph":[{"@type":"WebPage","@id":"https:\/\/www.chateau-guetsch.ch\/en\/guetschevents\/","url":"https:\/\/www.chateau-guetsch.ch\/en\/guetschevents\/","name":"Jazz & Classical Music Events - Hotel Ch\u00e2teau G\u00fctsch Lucerne","isPartOf":{"@id":"https:\/\/www.chateau-guetsch.ch\/#website"},"datePublished":"2022-07-22T14:01:19+00:00","dateModified":"2026-05-01T07:19:02+00:00","description":"Here you will find information about our current events at the G\u00fctsch-Areal. From jazz to classical to electronic music.","breadcrumb":{"@id":"https:\/\/www.chateau-guetsch.ch\/en\/guetschevents\/#breadcrumb"},"inLanguage":"en-US","potentialAction":[{"@type":"ReadAction","target":["https:\/\/www.chateau-guetsch.ch\/en\/guetschevents\/"]}]},{"@type":"BreadcrumbList","@id":"https:\/\/www.chateau-guetsch.ch\/en\/guetschevents\/#breadcrumb","itemListElement":[{"@type":"ListItem","position":1,"name":"Home","item":"https:\/\/www.chateau-guetsch.ch\/en\/"},{"@type":"ListItem","position":2,"name":"G\u00fctsch Events"}]},{"@type":"WebSite","@id":"https:\/\/www.chateau-guetsch.ch\/#website","url":"https:\/\/www.chateau-guetsch.ch\/","name":"Hotel Chateau G\u00fctsch","description":"","publisher":{"@id":"https:\/\/www.chateau-guetsch.ch\/#organization"},"potentialAction":[{"@type":"SearchAction","target":{"@type":"EntryPoint","urlTemplate":"https:\/\/www.chateau-guetsch.ch\/?s={search_term_string}"},"query-input":{"@type":"PropertyValueSpecification","valueRequired":true,"valueName":"search_term_string"}}],"inLanguage":"en-US"},{"@type":"Organization","@id":"https:\/\/www.chateau-guetsch.ch\/#organization","name":"Chateau G\u00fctsch","url":"https:\/\/www.chateau-guetsch.ch\/","logo":{"@type":"ImageObject","inLanguage":"en-US","@id":"https:\/\/www.chateau-guetsch.ch\/#\/schema\/logo\/image\/","url":"https:\/\/www.chateau-guetsch.ch\/wp-content\/uploads\/2021\/11\/Logo.png","contentUrl":"https:\/\/www.chateau-guetsch.ch\/wp-content\/uploads\/2021\/11\/Logo.png","width":425,"height":207,"caption":"Chateau G\u00fctsch"},"image":{"@id":"https:\/\/www.chateau-guetsch.ch\/#\/schema\/logo\/image\/"},"sameAs":["https:\/\/www.facebook.com\/Chateau.Gutsch","https:\/\/www.instagram.com\/chateau_gutsch\/"]}]}},"_links":{"self":[{"href":"https:\/\/www.chateau-guetsch.ch\/en\/wp-json\/wp\/v2\/pages\/6144","targetHints":{"allow":["GET"]}}],"collection":[{"href":"https:\/\/www.chateau-guetsch.ch\/en\/wp-json\/wp\/v2\/pages"}],"about":[{"href":"https:\/\/www.chateau-guetsch.ch\/en\/wp-json\/wp\/v2\/types\/page"}],"author":[{"embeddable":true,"href":"https:\/\/www.chateau-guetsch.ch\/en\/wp-json\/wp\/v2\/users\/5"}],"replies":[{"embeddable":true,"href":"https:\/\/www.chateau-guetsch.ch\/en\/wp-json\/wp\/v2\/comments?post=6144"}],"version-history":[{"count":6,"href":"https:\/\/www.chateau-guetsch.ch\/en\/wp-json\/wp\/v2\/pages\/6144\/revisions"}],"predecessor-version":[{"id":15342,"href":"https:\/\/www.chateau-guetsch.ch\/en\/wp-json\/wp\/v2\/pages\/6144\/revisions\/15342"}],"wp:attachment":[{"href":"https:\/\/www.chateau-guetsch.ch\/en\/wp-json\/wp\/v2\/media?parent=6144"}],"curies":[{"name":"wp","href":"https:\/\/api.w.org\/{rel}","templated":true}]}}