{"id":8275,"date":"2023-04-06T12:52:48","date_gmt":"2023-04-06T10:52:48","guid":{"rendered":"https:\/\/www.chateau-guetsch.ch\/?page_id=8275"},"modified":"2026-03-06T11:04:06","modified_gmt":"2026-03-06T10:04:06","slug":"career","status":"publish","type":"page","link":"https:\/\/www.chateau-guetsch.ch\/en\/career\/","title":{"rendered":"Career"},"content":{"rendered":"<p>[vc_row full_width=&#8221;stretch_row_content_no_spaces&#8221;][vc_column]<div id=\"home\" class=\"hero-slider hero-video__banner bg hero-slider--booking style4 hero-slider__small\" style=\"background-image:url(https:\/\/www.chateau-guetsch.ch\/wp-content\/uploads\/2022\/07\/Chateau_Gutsch_Hotel_Aussicht_View.jpg);\"><div class=\"hero-slider__items\"><div class=\"hero-slider__item\"><div id=\"bgndVideo\" class=\"player\" data-property=\"{videoURL:'',containment:'#home',autoPlay:true, showControls:true, showYTLogo: false, mute:true, startAt:0, opacity:1}\"><\/div><div class=\"hero-slider__wrap\"><div class=\"subtitle subtitle--slider\"><\/div><h2 class=\"title title--slider\">CAREER<\/h2><\/div><\/div><!--end of item--><\/div><div class=\"hero-additional hero-date-picker-style2\"><div class=\"container\">\n<section class=\"booking-section c-booking-search-form\">\n\t<div class=\"booking-main\">\n\t\t<div id=\"c10\" class=\"frame frame-default frame-type-html frame-layout-0\">\n\n\t\t\t\t<div id=\"booking-engine\" class=\"booking-engine\" data-locale=\"en\"><\/div>\n\t\t<\/div>\n\t\t<!--\n\t\t\t<div class=\"booking-best-price\" data-target=\"#bestPrice\" data-toggle=\"modal\">\n\t\t\t\t<span class=\"h2\">\n\t\t\t\t\tBest-Preis Garantie\n\t\t\t\t<\/span>\n\t\t\t<\/div>\n\t\t-->\n    <\/div>\n<\/section>\n<\/div><\/div><\/div><div  class=\"empty-space  marg-lg-b50 marg-xs-b25\"><\/div>[\/vc_column][\/vc_row][vc_row][vc_column]<div class=\"text-block \" ><div class=\"simple-text \"><h1>CAREER AT HOTEL CH\u00c2TEAU G\u00dcTSCH<\/h1>\n<p class=\"lead\">Hotel Ch\u00e2teau G\u00fctsch in Lucerne is an excellent choice if you are looking for a career in the hospitality industry. The historic castle hotel offers a unique work environment with luxurious amenities and breathtaking views of the city of Lucerne and the surrounding mountains.<\/p>\n<p class=\"lead\">The hotel is constantly looking for talented and motivated individuals who are ready to become part of a successful team and grow in their profession. There are a variety of career opportunities, from reception and restaurant to kitchen and housekeeping.<\/p>\n<p class=\"lead\">If you have a passion for hospitality and service and would like to work in a luxurious environment, then Hotel Ch\u00e2teau G\u00fctsch could be the perfect place for your career. Take a look at the current vacancies and apply today to take the first step towards your successful career in the hotel industry!<\/p>\n<\/div><\/div><div  class=\"empty-space  marg-lg-b50 marg-xs-b25\"><\/div>[\/vc_column][\/vc_row][vc_row][vc_column]<div  class=\"hb-text-block__wrapper text-alignment--left style2\"><div class=\"row\"><div class=\"col-md-6\"><div class=\"hb-text_block_content\"><div class=\"hb-text-block___inner_wrapper text-right\"><h2 class=\"featured-rooms-slider__title title-color-black\">BE A PART OF US<\/h2><div class=\"featured-rooms-slider__text content-color-grey\"><p><strong>Working at Ch\u00e2teau G\u00fctsch above Lucerne \u2013 Your Opportunity!<\/strong><\/p>\n<p>&nbsp;<\/p>\n<p>Discover our open vacancies and all further information about the application process <a href=\"https:\/\/cvmanager.ch\/career\/hotel_chateau_guetsch_lucerne\"><strong><u>HERE<\/u><\/strong><\/a>, and seize the opportunity today to shape your professional future.<\/p>\n<p>&nbsp;<\/p>\n<p>For data protection and compliance reasons, applications submitted outside the regular application process cannot be considered.<\/p>\n<\/div><\/div><\/div><\/div><div class=\"col-md-6\"><div class=\"hb-image__block\"><img decoding=\"async\" src=\"https:\/\/www.chateau-guetsch.ch\/wp-content\/uploads\/2023\/04\/Service_327_Lowres.jpg\" alt=\"\" \/><\/div><\/div><\/div><\/div>[\/vc_column][\/vc_row][vc_row full_width=&#8221;stretch_row_content_no_spaces&#8221;][vc_column]<div  class=\"empty-space  marg-lg-b50 marg-xs-b25\"><\/div><div  class=\"jumbotron jumbotron--lg\"  data-image=\"https:\/\/www.chateau-guetsch.ch\/wp-content\/uploads\/2022\/11\/ChateauGutsch_PrivaterAnlass.jpg\"><div class=\"row\"><div class=\"col-md-12 jumbotron-text__content\"><div class=\"spacing\" style=\"height: 30px\"><\/div><div class=\"subtitle subtitle--lg\"><\/div><div class=\"title title--lg\"><\/div><\/div><\/div><\/div>[\/vc_column][\/vc_row]<\/p>\n","protected":false},"excerpt":{"rendered":"<p>[vc_row full_width=&#8221;stretch_row_content_no_spaces&#8221;][vc_column][\/vc_column][\/vc_row][vc_row][vc_column][\/vc_column][\/vc_row][vc_row][vc_column][\/vc_column][\/vc_row][vc_row full_width=&#8221;stretch_row_content_no_spaces&#8221;][vc_column][\/vc_column][\/vc_row]<\/p>\n","protected":false},"author":5,"featured_media":0,"parent":0,"menu_order":0,"comment_status":"closed","ping_status":"closed","template":"","meta":{"_acf_changed":false,"footnotes":""},"class_list":["post-8275","page","type-page","status-publish","hentry"],"acf":[],"yoast_head":"<!-- This site is optimized with the Yoast SEO plugin v24.1 - https:\/\/yoast.com\/wordpress\/plugins\/seo\/ -->\n<title>Gastro jobs and vacancies - Hotel Ch\u00e2teau G\u00fctsch Lucerne<\/title>\n<meta name=\"description\" content=\"Hotel Ch\u00e2teau G\u00fctsch in Lucerne is an excellent choice if you are looking for a career in the hotel industry. Learn more.\" \/>\n<meta name=\"robots\" content=\"index, follow, max-snippet:-1, max-image-preview:large, max-video-preview:-1\" \/>\n<link rel=\"canonical\" href=\"https:\/\/www.chateau-guetsch.ch\/en\/career\/\" \/>\n<meta property=\"og:locale\" content=\"en_US\" \/>\n<meta property=\"og:type\" content=\"article\" \/>\n<meta property=\"og:title\" content=\"Gastro jobs and vacancies - Hotel Ch\u00e2teau G\u00fctsch Lucerne\" \/>\n<meta property=\"og:description\" content=\"Hotel Ch\u00e2teau G\u00fctsch in Lucerne is an excellent choice if you are looking for a career in the hotel industry. Learn more.\" \/>\n<meta property=\"og:url\" content=\"https:\/\/www.chateau-guetsch.ch\/en\/career\/\" \/>\n<meta property=\"og:site_name\" content=\"Chateau G\u00fctsch\" \/>\n<meta property=\"article:publisher\" content=\"https:\/\/www.facebook.com\/Chateau.Gutsch\" \/>\n<meta property=\"article:modified_time\" content=\"2026-03-06T10:04:06+00:00\" \/>\n<meta name=\"twitter:card\" content=\"summary_large_image\" \/>\n<meta name=\"twitter:label1\" content=\"Est. reading time\" \/>\n\t<meta name=\"twitter:data1\" content=\"2 minutes\" \/>\n<script type=\"application\/ld+json\" class=\"yoast-schema-graph\">{\"@context\":\"https:\/\/schema.org\",\"@graph\":[{\"@type\":\"WebPage\",\"@id\":\"https:\/\/www.chateau-guetsch.ch\/en\/career\/\",\"url\":\"https:\/\/www.chateau-guetsch.ch\/en\/career\/\",\"name\":\"Gastro jobs and vacancies - Hotel Ch\u00e2teau G\u00fctsch Lucerne\",\"isPartOf\":{\"@id\":\"https:\/\/www.chateau-guetsch.ch\/#website\"},\"datePublished\":\"2023-04-06T10:52:48+00:00\",\"dateModified\":\"2026-03-06T10:04:06+00:00\",\"description\":\"Hotel Ch\u00e2teau G\u00fctsch in Lucerne is an excellent choice if you are looking for a career in the hotel industry. Learn more.\",\"breadcrumb\":{\"@id\":\"https:\/\/www.chateau-guetsch.ch\/en\/career\/#breadcrumb\"},\"inLanguage\":\"en-US\",\"potentialAction\":[{\"@type\":\"ReadAction\",\"target\":[\"https:\/\/www.chateau-guetsch.ch\/en\/career\/\"]}]},{\"@type\":\"BreadcrumbList\",\"@id\":\"https:\/\/www.chateau-guetsch.ch\/en\/career\/#breadcrumb\",\"itemListElement\":[{\"@type\":\"ListItem\",\"position\":1,\"name\":\"Home\",\"item\":\"https:\/\/www.chateau-guetsch.ch\/en\/\"},{\"@type\":\"ListItem\",\"position\":2,\"name\":\"Career\"}]},{\"@type\":\"WebSite\",\"@id\":\"https:\/\/www.chateau-guetsch.ch\/#website\",\"url\":\"https:\/\/www.chateau-guetsch.ch\/\",\"name\":\"Hotel Chateau G\u00fctsch\",\"description\":\"\",\"publisher\":{\"@id\":\"https:\/\/www.chateau-guetsch.ch\/#organization\"},\"potentialAction\":[{\"@type\":\"SearchAction\",\"target\":{\"@type\":\"EntryPoint\",\"urlTemplate\":\"https:\/\/www.chateau-guetsch.ch\/?s={search_term_string}\"},\"query-input\":{\"@type\":\"PropertyValueSpecification\",\"valueRequired\":true,\"valueName\":\"search_term_string\"}}],\"inLanguage\":\"en-US\"},{\"@type\":\"Organization\",\"@id\":\"https:\/\/www.chateau-guetsch.ch\/#organization\",\"name\":\"Chateau G\u00fctsch\",\"url\":\"https:\/\/www.chateau-guetsch.ch\/\",\"logo\":{\"@type\":\"ImageObject\",\"inLanguage\":\"en-US\",\"@id\":\"https:\/\/www.chateau-guetsch.ch\/#\/schema\/logo\/image\/\",\"url\":\"https:\/\/www.chateau-guetsch.ch\/wp-content\/uploads\/2021\/11\/Logo.png\",\"contentUrl\":\"https:\/\/www.chateau-guetsch.ch\/wp-content\/uploads\/2021\/11\/Logo.png\",\"width\":425,\"height\":207,\"caption\":\"Chateau G\u00fctsch\"},\"image\":{\"@id\":\"https:\/\/www.chateau-guetsch.ch\/#\/schema\/logo\/image\/\"},\"sameAs\":[\"https:\/\/www.facebook.com\/Chateau.Gutsch\",\"https:\/\/www.instagram.com\/chateau_gutsch\/\"]}]}<\/script>\n<!-- \/ Yoast SEO plugin. -->","yoast_head_json":{"title":"Gastro jobs and vacancies - Hotel Ch\u00e2teau G\u00fctsch Lucerne","description":"Hotel Ch\u00e2teau G\u00fctsch in Lucerne is an excellent choice if you are looking for a career in the hotel industry. Learn more.","robots":{"index":"index","follow":"follow","max-snippet":"max-snippet:-1","max-image-preview":"max-image-preview:large","max-video-preview":"max-video-preview:-1"},"canonical":"https:\/\/www.chateau-guetsch.ch\/en\/career\/","og_locale":"en_US","og_type":"article","og_title":"Gastro jobs and vacancies - Hotel Ch\u00e2teau G\u00fctsch Lucerne","og_description":"Hotel Ch\u00e2teau G\u00fctsch in Lucerne is an excellent choice if you are looking for a career in the hotel industry. Learn more.","og_url":"https:\/\/www.chateau-guetsch.ch\/en\/career\/","og_site_name":"Chateau G\u00fctsch","article_publisher":"https:\/\/www.facebook.com\/Chateau.Gutsch","article_modified_time":"2026-03-06T10:04:06+00:00","twitter_card":"summary_large_image","twitter_misc":{"Est. reading time":"2 minutes"},"schema":{"@context":"https:\/\/schema.org","@graph":[{"@type":"WebPage","@id":"https:\/\/www.chateau-guetsch.ch\/en\/career\/","url":"https:\/\/www.chateau-guetsch.ch\/en\/career\/","name":"Gastro jobs and vacancies - Hotel Ch\u00e2teau G\u00fctsch Lucerne","isPartOf":{"@id":"https:\/\/www.chateau-guetsch.ch\/#website"},"datePublished":"2023-04-06T10:52:48+00:00","dateModified":"2026-03-06T10:04:06+00:00","description":"Hotel Ch\u00e2teau G\u00fctsch in Lucerne is an excellent choice if you are looking for a career in the hotel industry. Learn more.","breadcrumb":{"@id":"https:\/\/www.chateau-guetsch.ch\/en\/career\/#breadcrumb"},"inLanguage":"en-US","potentialAction":[{"@type":"ReadAction","target":["https:\/\/www.chateau-guetsch.ch\/en\/career\/"]}]},{"@type":"BreadcrumbList","@id":"https:\/\/www.chateau-guetsch.ch\/en\/career\/#breadcrumb","itemListElement":[{"@type":"ListItem","position":1,"name":"Home","item":"https:\/\/www.chateau-guetsch.ch\/en\/"},{"@type":"ListItem","position":2,"name":"Career"}]},{"@type":"WebSite","@id":"https:\/\/www.chateau-guetsch.ch\/#website","url":"https:\/\/www.chateau-guetsch.ch\/","name":"Hotel Chateau G\u00fctsch","description":"","publisher":{"@id":"https:\/\/www.chateau-guetsch.ch\/#organization"},"potentialAction":[{"@type":"SearchAction","target":{"@type":"EntryPoint","urlTemplate":"https:\/\/www.chateau-guetsch.ch\/?s={search_term_string}"},"query-input":{"@type":"PropertyValueSpecification","valueRequired":true,"valueName":"search_term_string"}}],"inLanguage":"en-US"},{"@type":"Organization","@id":"https:\/\/www.chateau-guetsch.ch\/#organization","name":"Chateau G\u00fctsch","url":"https:\/\/www.chateau-guetsch.ch\/","logo":{"@type":"ImageObject","inLanguage":"en-US","@id":"https:\/\/www.chateau-guetsch.ch\/#\/schema\/logo\/image\/","url":"https:\/\/www.chateau-guetsch.ch\/wp-content\/uploads\/2021\/11\/Logo.png","contentUrl":"https:\/\/www.chateau-guetsch.ch\/wp-content\/uploads\/2021\/11\/Logo.png","width":425,"height":207,"caption":"Chateau G\u00fctsch"},"image":{"@id":"https:\/\/www.chateau-guetsch.ch\/#\/schema\/logo\/image\/"},"sameAs":["https:\/\/www.facebook.com\/Chateau.Gutsch","https:\/\/www.instagram.com\/chateau_gutsch\/"]}]}},"_links":{"self":[{"href":"https:\/\/www.chateau-guetsch.ch\/en\/wp-json\/wp\/v2\/pages\/8275","targetHints":{"allow":["GET"]}}],"collection":[{"href":"https:\/\/www.chateau-guetsch.ch\/en\/wp-json\/wp\/v2\/pages"}],"about":[{"href":"https:\/\/www.chateau-guetsch.ch\/en\/wp-json\/wp\/v2\/types\/page"}],"author":[{"embeddable":true,"href":"https:\/\/www.chateau-guetsch.ch\/en\/wp-json\/wp\/v2\/users\/5"}],"replies":[{"embeddable":true,"href":"https:\/\/www.chateau-guetsch.ch\/en\/wp-json\/wp\/v2\/comments?post=8275"}],"version-history":[{"count":6,"href":"https:\/\/www.chateau-guetsch.ch\/en\/wp-json\/wp\/v2\/pages\/8275\/revisions"}],"predecessor-version":[{"id":15045,"href":"https:\/\/www.chateau-guetsch.ch\/en\/wp-json\/wp\/v2\/pages\/8275\/revisions\/15045"}],"wp:attachment":[{"href":"https:\/\/www.chateau-guetsch.ch\/en\/wp-json\/wp\/v2\/media?parent=8275"}],"curies":[{"name":"wp","href":"https:\/\/api.w.org\/{rel}","templated":true}]}}